{"id":2792,"date":"2020-01-29T23:53:29","date_gmt":"2020-01-29T23:53:29","guid":{"rendered":"http:\/\/cope.ubiobio.cl\/?page_id=2792"},"modified":"2020-07-20T10:38:26","modified_gmt":"2020-07-20T14:38:26","slug":"proyecto-fondecyt","status":"publish","type":"page","link":"http:\/\/cope.ubiobio.cl\/?page_id=2792","title":{"rendered":"FONDECYT Regular 1200551"},"content":{"rendered":"\t\t<div data-elementor-type=\"wp-page\" data-elementor-id=\"2792\" class=\"elementor elementor-2792\" data-elementor-settings=\"[]\">\n\t\t\t<div class=\"elementor-inner\">\n\t\t\t\t<div class=\"elementor-section-wrap\">\n\t\t\t\t\t\t\t<section class=\"elementor-element elementor-element-8da5c39 elementor-section-boxed elementor-section-height-default elementor-section-height-default elementor-section elementor-top-section\" data-id=\"8da5c39\" data-element_type=\"section\">\n\t\t\t\t\t\t<div class=\"elementor-container elementor-column-gap-default\">\n\t\t\t\t<div class=\"elementor-row\">\n\t\t\t\t<div class=\"elementor-element elementor-element-3b28515 elementor-column elementor-col-25 elementor-top-column\" data-id=\"3b28515\" data-element_type=\"column\">\n\t\t\t<div class=\"elementor-column-wrap  elementor-element-populated\">\n\t\t\t\t\t<div class=\"elementor-widget-wrap\">\n\t\t\t\t<div class=\"elementor-element elementor-element-b966268 elementor-widget elementor-widget-heading\" data-id=\"b966268\" data-element_type=\"widget\" data-widget_type=\"heading.default\">\n\t\t\t\t<div class=\"elementor-widget-container\">\n\t\t\t<h2 class=\"elementor-heading-title elementor-size-default\">T\u00ed<b>tul<\/b>o<\/h2>\t\t<\/div>\n\t\t\t\t<\/div>\n\t\t\t\t<div class=\"elementor-element elementor-element-10206b7 elementor-widget elementor-widget-text-editor\" data-id=\"10206b7\" data-element_type=\"widget\" data-widget_type=\"text-editor.default\">\n\t\t\t\t<div class=\"elementor-widget-container\">\n\t\t\t\t\t<div class=\"elementor-text-editor elementor-clearfix\"><p>Energy poverty prediction based on social housing architectural design in the central and central-southern zones of Chile: an innovative index to analyze and reduce the risk of energy poverty<\/p><\/div>\n\t\t\t\t<\/div>\n\t\t\t\t<\/div>\n\t\t\t\t\t\t<\/div>\n\t\t\t<\/div>\n\t\t<\/div>\n\t\t\t\t<div class=\"elementor-element elementor-element-9c896c5 elementor-column elementor-col-25 elementor-top-column\" data-id=\"9c896c5\" data-element_type=\"column\">\n\t\t\t<div class=\"elementor-column-wrap  elementor-element-populated\">\n\t\t\t\t\t<div class=\"elementor-widget-wrap\">\n\t\t\t\t<div class=\"elementor-element elementor-element-5ad2bc7 elementor-widget elementor-widget-heading\" data-id=\"5ad2bc7\" data-element_type=\"widget\" data-widget_type=\"heading.default\">\n\t\t\t\t<div class=\"elementor-widget-container\">\n\t\t\t<h2 class=\"elementor-heading-title elementor-size-default\">Investigadores\/as<\/h2>\t\t<\/div>\n\t\t\t\t<\/div>\n\t\t\t\t<div class=\"elementor-element elementor-element-f21e317 elementor-icon-list--layout-traditional elementor-widget elementor-widget-icon-list\" data-id=\"f21e317\" data-element_type=\"widget\" data-widget_type=\"icon-list.default\">\n\t\t\t\t<div class=\"elementor-widget-container\">\n\t\t\t\t\t<ul class=\"elementor-icon-list-items\">\n\t\t\t\t\t\t\t<li class=\"elementor-icon-list-item\" >\n\t\t\t\t\t<a href=\"http:\/\/cope.ubiobio.cl\/?team=dr-alexis-perez-fargallo\">\t\t\t\t\t\t<span class=\"elementor-icon-list-icon\">\n\t\t\t\t\t\t\t<i aria-hidden=\"true\" class=\"fas fa-chevron-circle-right\"><\/i>\t\t\t\t\t\t<\/span>\n\t\t\t\t\t\t\t\t\t\t<span class=\"elementor-icon-list-text\">Alexis P\u00e9rez Fargallo<\/span>\n\t\t\t\t\t\t\t\t\t\t\t<\/a>\n\t\t\t\t\t\t\t\t\t<\/li>\n\t\t\t\t\t\t\t\t<li class=\"elementor-icon-list-item\" >\n\t\t\t\t\t<a href=\"http:\/\/cope.ubiobio.cl\/?team=dra-maureen-trebilcock\">\t\t\t\t\t\t<span class=\"elementor-icon-list-icon\">\n\t\t\t\t\t\t\t<i aria-hidden=\"true\" class=\"fas fa-chevron-circle-right\"><\/i>\t\t\t\t\t\t<\/span>\n\t\t\t\t\t\t\t\t\t\t<span class=\"elementor-icon-list-text\">Maureen Trebilcock Kelly<\/span>\n\t\t\t\t\t\t\t\t\t\t\t<\/a>\n\t\t\t\t\t\t\t\t\t<\/li>\n\t\t\t\t\t\t\t\t<li class=\"elementor-icon-list-item\" >\n\t\t\t\t\t\t\t\t\t\t\t<span class=\"elementor-icon-list-icon\">\n\t\t\t\t\t\t\t<i aria-hidden=\"true\" class=\"fas fa-chevron-circle-right\"><\/i>\t\t\t\t\t\t<\/span>\n\t\t\t\t\t\t\t\t\t\t<span class=\"elementor-icon-list-text\">Sergio Contreras Espinoza<\/span>\n\t\t\t\t\t\t\t\t\t<\/li>\n\t\t\t\t\t\t\t\t<li class=\"elementor-icon-list-item\" >\n\t\t\t\t\t\t\t\t\t\t\t<span class=\"elementor-icon-list-icon\">\n\t\t\t\t\t\t\t<i aria-hidden=\"true\" class=\"fas fa-chevron-circle-right\"><\/i>\t\t\t\t\t\t<\/span>\n\t\t\t\t\t\t\t\t\t\t<span class=\"elementor-icon-list-text\">Alejandra Cortes Fuentes - UCHILE<\/span>\n\t\t\t\t\t\t\t\t\t<\/li>\n\t\t\t\t\t\t\t\t<li class=\"elementor-icon-list-item\" >\n\t\t\t\t\t\t\t\t\t\t\t<span class=\"elementor-icon-list-icon\">\n\t\t\t\t\t\t\t<i aria-hidden=\"true\" class=\"fas fa-chevron-circle-right\"><\/i>\t\t\t\t\t\t<\/span>\n\t\t\t\t\t\t\t\t\t\t<span class=\"elementor-icon-list-text\">Alex Boso Gaspar - UFRO<\/span>\n\t\t\t\t\t\t\t\t\t<\/li>\n\t\t\t\t\t\t<\/ul>\n\t\t\t\t<\/div>\n\t\t\t\t<\/div>\n\t\t\t\t\t\t<\/div>\n\t\t\t<\/div>\n\t\t<\/div>\n\t\t\t\t<div class=\"elementor-element elementor-element-d1d424e elementor-column elementor-col-50 elementor-top-column\" data-id=\"d1d424e\" data-element_type=\"column\">\n\t\t\t<div class=\"elementor-column-wrap  elementor-element-populated\">\n\t\t\t\t\t<div class=\"elementor-widget-wrap\">\n\t\t\t\t<div class=\"elementor-element elementor-element-b2b6266 elementor-widget elementor-widget-heading\" data-id=\"b2b6266\" data-element_type=\"widget\" data-widget_type=\"heading.default\">\n\t\t\t\t<div class=\"elementor-widget-container\">\n\t\t\t<h2 class=\"elementor-heading-title elementor-size-default\">Objetivo<\/h2>\t\t<\/div>\n\t\t\t\t<\/div>\n\t\t\t\t<div class=\"elementor-element elementor-element-4475fa4 elementor-widget elementor-widget-text-editor\" data-id=\"4475fa4\" data-element_type=\"widget\" data-widget_type=\"text-editor.default\">\n\t\t\t\t<div class=\"elementor-widget-container\">\n\t\t\t\t\t<div class=\"elementor-text-editor elementor-clearfix\"><p>El objetivo general del proyecto es desarrollar un indicador predictivo y modelos de aplicaci\u00f3n que, mediante informaci\u00f3n b\u00e1sica de la vivienda y la familia, sea capaz de analizar edificaciones existentes, ayudar en la asignaci\u00f3n o elecci\u00f3n de nuevas VS y, en la evaluaci\u00f3n de est\u00e1ndares para reducir el riesgo de pobreza energ\u00e9tica en las zonas Centro y Centro-Sur de Chile.<\/p><\/div>\n\t\t\t\t<\/div>\n\t\t\t\t<\/div>\n\t\t\t\t\t\t<\/div>\n\t\t\t<\/div>\n\t\t<\/div>\n\t\t\t\t\t\t<\/div>\n\t\t\t<\/div>\n\t\t<\/section>\n\t\t\t\t<section class=\"elementor-element elementor-element-2be2403 elementor-section-boxed elementor-section-height-default elementor-section-height-default elementor-section elementor-top-section\" data-id=\"2be2403\" data-element_type=\"section\">\n\t\t\t\t\t\t<div class=\"elementor-container elementor-column-gap-default\">\n\t\t\t\t<div class=\"elementor-row\">\n\t\t\t\t<div class=\"elementor-element elementor-element-d49e297 elementor-column elementor-col-100 elementor-top-column\" data-id=\"d49e297\" data-element_type=\"column\">\n\t\t\t<div class=\"elementor-column-wrap  elementor-element-populated\">\n\t\t\t\t\t<div class=\"elementor-widget-wrap\">\n\t\t\t\t<div class=\"elementor-element elementor-element-294f0fa elementor-widget elementor-widget-heading\" data-id=\"294f0fa\" data-element_type=\"widget\" data-widget_type=\"heading.default\">\n\t\t\t\t<div class=\"elementor-widget-container\">\n\t\t\t<h2 class=\"elementor-heading-title elementor-size-default\">Resumen<\/h2>\t\t<\/div>\n\t\t\t\t<\/div>\n\t\t\t\t<div class=\"elementor-element elementor-element-dd9e8a4 elementor-widget elementor-widget-text-editor\" data-id=\"dd9e8a4\" data-element_type=\"widget\" data-widget_type=\"text-editor.default\">\n\t\t\t\t<div class=\"elementor-widget-container\">\n\t\t\t\t\t<div class=\"elementor-text-editor elementor-clearfix\"><p>En 2014 el Ministerio de Energ\u00eda de Chile present\u00f3 la Agenda de Energ\u00eda, en la cual una de las tareas era dise\u00f1ar y ejecutar una Pol\u00edtica Energ\u00e9tica. La nueva Pol\u00edtica Energ\u00e9tica 2050 se sustenta en cuatro pilares; dentro del segundo, uno de los lineamientos fue definir el concepto y medici\u00f3n de la pobreza energ\u00e9tica (PE), con el objeto de establecer pol\u00edticas para su reducci\u00f3n. Existen distintos \u00edndices e indicadores a nivel internacional para medir la PE, pero es un concepto relativo en el cual las variables que lo componen adquieren mayor o menor relevancia dependiendo del territorio donde se est\u00e9 observando. En Chile se han producido avances cre\u00e1ndose por parte de la Red de Pobreza Energ\u00e9tica un \u00cdndice Tridimensional de PE, sin embargo, dicho \u00edndice requiere a\u00fan de una adecuaci\u00f3n a nivel local que considere los h\u00e1bitos de ocupaci\u00f3n y de uso de la vivienda. La mayor\u00eda de los indicadores actuales sobre PE no tienen en cuenta que las personas de bajos recursos ajustan su nivel de confort para reducir el consumo de energ\u00eda y, aquellos que efectivamente tienen en cuenta dicha acci\u00f3n, son \u00edndices te\u00f3ricos no validados que no tienen en cuenta otros consumos que se producen en el hogar.<\/p><p>Esta propuesta plantea como<strong> hip\u00f3tesis<\/strong> que <strong>es posible predecir<\/strong>, <strong>mediante informaci\u00f3n b\u00e1sica de la vivienda<\/strong> (orientaci\u00f3n, superficie en contacto con otras viviendas, volumen interior, geometr\u00eda urbana, precio de la energ\u00eda o combustible) <strong>y del grupo familiar que la ocupe<\/strong> (n\u00famero de miembros e ingresos), <strong>el riesgo de que sufra pobreza energ\u00e9tica<\/strong>, empleando modelos estad\u00edsticos con un coeficiente de determinaci\u00f3n superior 95%.\u00a0<\/p><p><strong>El objetivo general<\/strong> del proyecto es <strong>desarrollar un indicador predictivo y modelos de aplicaci\u00f3n <\/strong>que, mediante informaci\u00f3n b\u00e1sica de la vivienda y la familia, sea capaz de analizar edificaciones existentes, ayudar en la asignaci\u00f3n o elecci\u00f3n de nuevas viviendas sociales (SH) y, en la evaluaci\u00f3n de est\u00e1ndares <strong>para reducir el riesgo de pobreza energ\u00e9tica en las zonas Centro y Centro-Sur de Chile.<\/strong> Como <strong>objetivos espec\u00edficos<\/strong> se contemplan los siguientes: <strong>1.<\/strong> <strong>Recopilar, mediante encuestas y medici\u00f3n in-situ, informaci\u00f3n<\/strong> primaria relativa a caracter\u00edsticas arquitect\u00f3nicas, constructivas y del ambiente interior (Temperatura, humedad, contaminaci\u00f3n intra-domiciliaria) <strong>de distintas tipolog\u00edas de viviendas sociales, as\u00ed como datos de relativos a las necesidades energ\u00e9ticas<\/strong> (equipos, acceso, interrupciones, fuentes, capacidad y gastos de energ\u00eda), <strong>aspectos econ\u00f3micos y sociales de las familias que las habitan<\/strong> (Ingresos, gastos, uso de la vivienda y datos demogr\u00e1ficos). <strong>2.<\/strong> <strong>Determinar factores de ajuste del consumo de simulaci\u00f3n al consumo real<\/strong>, para ajustar simulaciones energ\u00e9ticas de viviendas construidas con actuales (RT) y nuevos est\u00e1ndares constructivos (NTM 11-2 y ECSV).\u00a0 <strong>3.<\/strong> <strong>Desarrollar un \u00edndice predictivo de riesgo de pobreza energ\u00e9tica<\/strong> mediante los datos recopilados para las zonas Centro y Centro-Sur alineado con el \u00cdndice tridimensional de pobreza energ\u00e9tica, que genere antecedentes y, posibilite su uso en otras situaciones sociales, tipolog\u00edas de SH, materialidades y zonas geogr\u00e1ficas. <strong>4.<\/strong> <strong>Establecer y validar modelos matem\u00e1ticos que permitan el uso del \u00edndice<\/strong> propuesto de forma simplificada, para analizar edificaciones existentes, ayudar en la asignaci\u00f3n o elecci\u00f3n de nuevas viviendas sociales y, en la evaluaci\u00f3n de est\u00e1ndares para reducir el riesgo de pobreza energ\u00e9tica. <strong>5.<\/strong> <strong>Desarrollar herramientas de difusi\u00f3n, uso y recomendaciones para su implementaci\u00f3n en la legislaci\u00f3n aplicable a la construcci\u00f3n, adquisici\u00f3n, arriendo o modificaci\u00f3n de viviendas sociales en Chile.<\/strong><\/p><p><strong>La propuesta considera cinco etapas<\/strong>, <strong>con trece actividades.<\/strong> <strong>La primera etapa consiste en el dise\u00f1o y validaci\u00f3n de instrumentos de recolecci\u00f3n de datos<\/strong>, identificaci\u00f3n de tipolog\u00edas de SH estad\u00edsticamente m\u00e1s representativas y levantamiento de datos primarios en terreno. <strong>La segunda etapa consistir\u00e1 en simular energ\u00e9ticamente las viviendas en las que se han tomado los datos primarios<\/strong>, <strong>para establecer factores de ajuste<\/strong> que permitan calibrar el consumo simulado con el consumo real. <strong>La etapa tres estar\u00e1 dedicada a la recopilaci\u00f3n de modelos y criterios para medir y evaluar la PE, para establecer el indicador de riesgo con los datos levantados en terreno.<\/strong> Dicho indicador ser\u00e1 socializado y validado para alinearse con los resultados de la RedPE de la Universidad de Chile. <strong>La cuarta etapa, consistir\u00e1 en la simulaci\u00f3n de SH con actuales y nuevos est\u00e1ndares constructivos, para generar modelos matem\u00e1ticos para predicci\u00f3n del riesgo de PE <\/strong>en etapas de elecci\u00f3n de SH o para evaluar viviendas existentes para focalizar recursos de reacondicionamiento t\u00e9rmico u otros subsidios. <strong>La quinta y \u00faltima etapa, consistir\u00e1 en generar una plataforma digital para la difusi\u00f3n de resultados<\/strong> que contendr\u00e1 <strong>una herramienta interactiva<\/strong> para que los usuarios puedan identificar su riesgo de PE, como ejemplo de herramienta puede verse Fuel Poverty Assessment Tool . Adem\u00e1s, para la difusi\u00f3n de resultados se realizar\u00e1n <strong>tres art\u00edculos JCR (ISI); dos asistencias a congresos; un libro, diez charlas en municipalidades y un seminario <\/strong>de divulgaci\u00f3n con autoridades ministeriales (MINVU, MINERGIA, MDS, MINISTERIO DE SALUD Y MMA).<\/p><p><strong>Los resultados esperados ser\u00e1n indicador predictivo y modelos para predecir el riesgo de sufrir PE<\/strong> en las zonas Centro y Centro-Sur de Chile y el desarrollo de <strong>recomendaciones y herramientas para su uso e implementaci\u00f3n en la legislaci\u00f3n de viviendas sociales en Chile<\/strong>. Como resultado aplicable a todas las regiones, se espera obtener la metodolog\u00eda y experiencia necesaria para que el estudio pueda ser replicado a nivel nacional, corrobor\u00e1ndose que sea viable estandarizar el indicador y los modelos a todo el pa\u00eds.<\/p><\/div>\n\t\t\t\t<\/div>\n\t\t\t\t<\/div>\n\t\t\t\t\t\t<\/div>\n\t\t\t<\/div>\n\t\t<\/div>\n\t\t\t\t\t\t<\/div>\n\t\t\t<\/div>\n\t\t<\/section>\n\t\t\t\t\t\t<\/div>\n\t\t\t<\/div>\n\t\t<\/div>\n\t\t","protected":false},"excerpt":{"rendered":"<p>T\u00edtulo Energy poverty prediction based on social housing architectural design in the central and central-southern zones of Chile: an innovative index to analyze and reduce the risk of energy poverty Investigadores\/as Alexis P\u00e9rez Fargallo Maureen Trebilcock Kelly Sergio Contreras Espinoza Alejandra Cortes Fuentes &#8211; UCHILE Alex Boso Gaspar &#8211; UFRO Objetivo El objetivo general del [&hellip;]<\/p>\n","protected":false},"author":1,"featured_media":2660,"parent":0,"menu_order":0,"comment_status":"closed","ping_status":"closed","template":"","meta":{"footnotes":""},"class_list":["post-2792","page","type-page","status-publish","has-post-thumbnail","hentry"],"jetpack_sharing_enabled":true,"_links":{"self":[{"href":"http:\/\/cope.ubiobio.cl\/index.php?rest_route=\/wp\/v2\/pages\/2792","targetHints":{"allow":["GET"]}}],"collection":[{"href":"http:\/\/cope.ubiobio.cl\/index.php?rest_route=\/wp\/v2\/pages"}],"about":[{"href":"http:\/\/cope.ubiobio.cl\/index.php?rest_route=\/wp\/v2\/types\/page"}],"author":[{"embeddable":true,"href":"http:\/\/cope.ubiobio.cl\/index.php?rest_route=\/wp\/v2\/users\/1"}],"replies":[{"embeddable":true,"href":"http:\/\/cope.ubiobio.cl\/index.php?rest_route=%2Fwp%2Fv2%2Fcomments&post=2792"}],"version-history":[{"count":13,"href":"http:\/\/cope.ubiobio.cl\/index.php?rest_route=\/wp\/v2\/pages\/2792\/revisions"}],"predecessor-version":[{"id":3497,"href":"http:\/\/cope.ubiobio.cl\/index.php?rest_route=\/wp\/v2\/pages\/2792\/revisions\/3497"}],"wp:featuredmedia":[{"embeddable":true,"href":"http:\/\/cope.ubiobio.cl\/index.php?rest_route=\/wp\/v2\/media\/2660"}],"wp:attachment":[{"href":"http:\/\/cope.ubiobio.cl\/index.php?rest_route=%2Fwp%2Fv2%2Fmedia&parent=2792"}],"curies":[{"name":"wp","href":"https:\/\/api.w.org\/{rel}","templated":true}]}}