{"id":3004,"date":"2020-03-09T16:56:45","date_gmt":"2020-03-09T16:56:45","guid":{"rendered":"http:\/\/cope.ubiobio.cl\/?page_id=3004"},"modified":"2020-03-09T21:35:57","modified_gmt":"2020-03-09T21:35:57","slug":"pobreza-energetica","status":"publish","type":"page","link":"http:\/\/cope.ubiobio.cl\/?page_id=3004","title":{"rendered":"Pobreza Energ\u00e9tica"},"content":{"rendered":"\n<p>La <strong>pobreza energ\u00e9tica (PE)<\/strong>, tambi\u00e9n reconocida a trav\u00e9s de t\u00e9rminos como &#8220;pobreza de combustible&#8221; (PC) y &#8220;vulnerabilidad energ\u00e9tica&#8221;, ocurre cuando los hogares no son capaces de mantener unas temperaturas m\u00ednimas de confort t\u00e9rmico o de tener servicios energ\u00e9ticos disponibles o a un costo asequible. Tambi\u00e9n se ha vinculado con la incapacidad para realizar actividades esenciales como resultado directo o indirecto de un acceso insuficiente a servicios de energ\u00eda asequibles, confiables y seguros. <\/p>\n\n\n\n<p>En Chile la <strong>Red de Pobreza Energ\u00e9tica<\/strong> ha declarado que es energ\u00e9ticamente pobre todo hogar que no tenga acceso equitativo a servicios energ\u00e9ticos de alta calidad (adecuados, confiables, seguros y libres de contaminaci\u00f3n intradomiciliaria) para cubrir sus necesidades energ\u00e9ticas fundamentales y b\u00e1sicas, las cuales permitan sostener el desarrollo humano y econ\u00f3mico de sus miembros.&nbsp; Este fen\u00f3meno ha atra\u00eddo la atenci\u00f3n de la comunidad cient\u00edfica y la sociedad en las \u00faltimas d\u00e9cadas, debido a sus implicaciones pol\u00edticas y sociales.<\/p>\n\n\n\n<p>En los pa\u00edses pertenecientes a la OCDE, como Chile, donde la cobertura el\u00e9ctrica es cercana al 100%, la mayor\u00eda de familias tienen garantizado el acceso a este tipo de energ\u00eda. En este contexto, el problema es otro, a las <strong>familias no les es posible pagar por la energ\u00eda b\u00e1sica requerida<\/strong>, como la que se necesita para mantener la vivienda bajo las condiciones t\u00e9rmicas adecuadas y el&nbsp;consumo&nbsp;de le\u00f1a es muy alto&nbsp; para calefacci\u00f3n lo que genera importantes problemas de contaminaci\u00f3n (el 80% de los&nbsp;hogares&nbsp;usan le\u00f1a en el sur de Chile ya que puede ser entre 4 y 7 veces m\u00e1s econ\u00f3mica que otros combustibles). <\/p>\n\n\n\n<p>En Chile, el acceso a servicios energ\u00e9ticos b\u00e1sicos significa un gasto importante para las familias en muchas viviendas y, en consecuencia, el grupo familiar no puede cubrir determinadas necesidades, como la calefacci\u00f3n (en artefactos ineficientes) y la ventilaci\u00f3n de las viviendas para asegurar la comodidad t\u00e9rmica o la disponibilidad de agua caliente sanitaria. Por ello, <strong>se estima que en el 76% de las viviendas la temperatura interior durante las estaciones de invierno y verano no es la adecuada. <\/strong>Adem\u00e1s, casi el 20% de las viviendas no tiene agua caliente por ca\u00f1er\u00eda. <\/p>\n\n\n\n<p>El documento m\u00e1s reciente sobre PE en Chile es el elaborado por la Red de Pobreza Energ\u00e9tica (RedPE) titulado \u201cAcceso equitativo a energ\u00eda de calidad en Chile. Hacia un indicador territorializado y tridimensional de pobreza energ\u00e9tica\u201d. Seg\u00fan este, en Chile es importante tener en cuenta que el gasto en energ\u00eda no es sin\u00f3nimo de satisfacci\u00f3n de necesidades energ\u00e9ticas ni de confort, la alta desigualdad econ\u00f3mica del pa\u00eds demanda la construcci\u00f3n de umbrales de gasto excesivo y sub-gasto ajustados a su realidad, la diversidad clim\u00e1tica y de fuentes de energ\u00eda implican distintas necesidades energ\u00e9ticas y tecnolog\u00edas para satisfacerlas, la noci\u00f3n de la escalera energ\u00e9tica no describe adecuadamente la realidad chilena, est\u00e1ndares de acceso a la energ\u00eda deben ser ajustados al pa\u00eds y es preciso visibilidad la calidad energ\u00e9tica y no solo aspectos de equidad y acceso a la energ\u00eda. <\/p>\n","protected":false},"excerpt":{"rendered":"<p>La pobreza energ\u00e9tica (PE), tambi\u00e9n reconocida a trav\u00e9s de t\u00e9rminos como &#8220;pobreza de combustible&#8221; (PC) y &#8220;vulnerabilidad energ\u00e9tica&#8221;, ocurre cuando los hogares no son capaces de mantener unas temperaturas m\u00ednimas de confort t\u00e9rmico o de tener servicios energ\u00e9ticos disponibles o a un costo asequible. Tambi\u00e9n se ha vinculado con la incapacidad para realizar actividades esenciales [&hellip;]<\/p>\n","protected":false},"author":1,"featured_media":2992,"parent":0,"menu_order":0,"comment_status":"closed","ping_status":"closed","template":"","meta":{"footnotes":""},"class_list":["post-3004","page","type-page","status-publish","has-post-thumbnail","hentry"],"jetpack_sharing_enabled":true,"_links":{"self":[{"href":"http:\/\/cope.ubiobio.cl\/index.php?rest_route=\/wp\/v2\/pages\/3004","targetHints":{"allow":["GET"]}}],"collection":[{"href":"http:\/\/cope.ubiobio.cl\/index.php?rest_route=\/wp\/v2\/pages"}],"about":[{"href":"http:\/\/cope.ubiobio.cl\/index.php?rest_route=\/wp\/v2\/types\/page"}],"author":[{"embeddable":true,"href":"http:\/\/cope.ubiobio.cl\/index.php?rest_route=\/wp\/v2\/users\/1"}],"replies":[{"embeddable":true,"href":"http:\/\/cope.ubiobio.cl\/index.php?rest_route=%2Fwp%2Fv2%2Fcomments&post=3004"}],"version-history":[{"count":4,"href":"http:\/\/cope.ubiobio.cl\/index.php?rest_route=\/wp\/v2\/pages\/3004\/revisions"}],"predecessor-version":[{"id":3136,"href":"http:\/\/cope.ubiobio.cl\/index.php?rest_route=\/wp\/v2\/pages\/3004\/revisions\/3136"}],"wp:featuredmedia":[{"embeddable":true,"href":"http:\/\/cope.ubiobio.cl\/index.php?rest_route=\/wp\/v2\/media\/2992"}],"wp:attachment":[{"href":"http:\/\/cope.ubiobio.cl\/index.php?rest_route=%2Fwp%2Fv2%2Fmedia&parent=3004"}],"curies":[{"name":"wp","href":"https:\/\/api.w.org\/{rel}","templated":true}]}}