{"id":3102,"date":"2020-03-09T20:32:55","date_gmt":"2020-03-09T20:32:55","guid":{"rendered":"http:\/\/cope.ubiobio.cl\/?page_id=3102"},"modified":"2025-12-01T01:55:19","modified_gmt":"2025-12-01T05:55:19","slug":"investigadores","status":"publish","type":"page","link":"http:\/\/cope.ubiobio.cl\/?page_id=3102","title":{"rendered":"Investigadores"},"content":{"rendered":"\t\t<div data-elementor-type=\"wp-page\" data-elementor-id=\"3102\" class=\"elementor elementor-3102\" data-elementor-settings=\"[]\">\n\t\t\t<div class=\"elementor-inner\">\n\t\t\t\t<div class=\"elementor-section-wrap\">\n\t\t\t\t\t\t\t<section class=\"elementor-element elementor-element-730d9d6 elementor-section-boxed elementor-section-height-default elementor-section-height-default elementor-section elementor-top-section\" data-id=\"730d9d6\" data-element_type=\"section\">\n\t\t\t\t\t\t<div class=\"elementor-container elementor-column-gap-default\">\n\t\t\t\t<div class=\"elementor-row\">\n\t\t\t\t<div class=\"elementor-element elementor-element-5b121ee elementor-column elementor-col-100 elementor-top-column\" data-id=\"5b121ee\" data-element_type=\"column\">\n\t\t\t<div class=\"elementor-column-wrap  elementor-element-populated\">\n\t\t\t\t\t<div class=\"elementor-widget-wrap\">\n\t\t\t\t<div class=\"elementor-element elementor-element-5c2e04a elementor-widget elementor-widget-heading\" data-id=\"5c2e04a\" data-element_type=\"widget\" data-widget_type=\"heading.default\">\n\t\t\t\t<div class=\"elementor-widget-container\">\n\t\t\t<h2 class=\"elementor-heading-title elementor-size-default\">Grupo de Investigadores <\/h2>\t\t<\/div>\n\t\t\t\t<\/div>\n\t\t\t\t<div class=\"elementor-element elementor-element-8e1416a elementor-widget elementor-widget-text-editor\" data-id=\"8e1416a\" data-element_type=\"widget\" data-widget_type=\"text-editor.default\">\n\t\t\t\t<div class=\"elementor-widget-container\">\n\t\t\t\t\t<div class=\"elementor-text-editor elementor-clearfix\"><p>Universidad del B\u00edo-B\u00edo<\/p><\/div>\n\t\t\t\t<\/div>\n\t\t\t\t<\/div>\n\t\t\t\t\t\t<\/div>\n\t\t\t<\/div>\n\t\t<\/div>\n\t\t\t\t\t\t<\/div>\n\t\t\t<\/div>\n\t\t<\/section>\n\t\t\t\t<section class=\"elementor-element elementor-element-c1dedf5 elementor-section-boxed elementor-section-height-default elementor-section-height-default elementor-section elementor-top-section\" data-id=\"c1dedf5\" data-element_type=\"section\">\n\t\t\t\t\t\t<div class=\"elementor-container elementor-column-gap-default\">\n\t\t\t\t<div class=\"elementor-row\">\n\t\t\t\t<div class=\"elementor-element elementor-element-ff6d3eb elementor-column elementor-col-100 elementor-top-column\" data-id=\"ff6d3eb\" data-element_type=\"column\">\n\t\t\t<div class=\"elementor-column-wrap  elementor-element-populated\">\n\t\t\t\t\t<div class=\"elementor-widget-wrap\">\n\t\t\t\t<div class=\"elementor-element elementor-element-23f3323 elementor-widget elementor-widget-sciencex-teammember\" data-id=\"23f3323\" data-element_type=\"widget\" data-widget_type=\"sciencex-teammember.default\">\n\t\t\t\t<div class=\"elementor-widget-container\">\n\t\t\t        <div class=\"section-meet_the_team\">\n\n            <div class=\"row\">\n\n                \n                        <div class=\"col-sm-6 col-md-4 \">\n                            <div class=\"profile-card profile-card-meta_center\">\n                                <figure>\n                                    <div class=\"sabbi-profile-pic-wrap\">\n                                        <img loading=\"lazy\" decoding=\"async\" width=\"263\" height=\"216\" src=\"http:\/\/cope.ubiobio.cl\/wp-content\/uploads\/2020\/01\/MT2-263x216.jpg\" class=\"img-responsive\" alt=\"\" \/>                                    <\/div>\n                                    <figcaption>\n\n\n                                                                                    <h3 class=\"fig-title\">\n                                                <a href=\"http:\/\/cope.ubiobio.cl\/?team=dra-maureen-trebilcock\">Dra. Maureen Trebilcock<\/a>\n                                            <\/h3>\n                                        \n\n                                                                                    <div class=\"fig-title-des\">Profesora Titular<\/div>\n                                        \n                                                                                    <div class=\"fig-meta\">\n                                                \n                                                                                                    <p class=\"fig-mail\"><strong>Email:<\/strong> <span>mtrebilc@ubiobio.cl<\/span><\/p>\n                                                                                            <\/div>\n                                                                            <\/figcaption>\n                                <\/figure>\n                                                                    <div class=\"profile-card-meta\">\n                                        <ul class=\"pfofile-social list-unstyled list-inline\">\n                                            \n                                                <li>\n                                                    <a href=\"https:\/\/www.researchgate.net\/profile\/Maureen_Trebilcock\">\n                                                        <img decoding=\"async\" alt=\"sabbi-social\" class=\"img-responsive\" src=\"http:\/\/cope.ubiobio.cl\/wp-content\/uploads\/2020\/03\/Researchgate.png\">\n                                                    <\/a>\n                                                <\/li>\n                                            \n                                                <li>\n                                                    <a href=\"https:\/\/orcid.org\/0000-0002-1984-0259\">\n                                                        <img decoding=\"async\" alt=\"sabbi-social\" class=\"img-responsive\" src=\"http:\/\/cope.ubiobio.cl\/wp-content\/uploads\/2020\/01\/ORCIDiD_iconvector.svg\">\n                                                    <\/a>\n                                                <\/li>\n                                                                                    <\/ul>\n                                    <\/div>\n                                                            <\/div>\n                        <\/div>\n                    \n                        <div class=\"col-sm-6 col-md-4 \">\n                            <div class=\"profile-card profile-card-meta_center\">\n                                <figure>\n                                    <div class=\"sabbi-profile-pic-wrap\">\n                                        <img loading=\"lazy\" decoding=\"async\" width=\"263\" height=\"216\" src=\"http:\/\/cope.ubiobio.cl\/wp-content\/uploads\/2020\/01\/Cristian-Munoz-300x300-1-263x216.png\" class=\"img-responsive\" alt=\"\" \/>                                    <\/div>\n                                    <figcaption>\n\n\n                                                                                    <h3 class=\"fig-title\">\n                                                <a href=\"http:\/\/cope.ubiobio.cl\/?team=dr-cristian-munoz\">Dr. Cristi\u00e1n Mu\u00f1oz Viveros<\/a>\n                                            <\/h3>\n                                        \n\n                                                                                    <div class=\"fig-title-des\">Profesor Asistente A<\/div>\n                                        \n                                                                                    <div class=\"fig-meta\">\n                                                \n                                                                                                    <p class=\"fig-mail\"><strong>Email:<\/strong> <span>cmunoz@ubiobio.cl<\/span><\/p>\n                                                                                            <\/div>\n                                                                            <\/figcaption>\n                                <\/figure>\n                                                                    <div class=\"profile-card-meta\">\n                                        <ul class=\"pfofile-social list-unstyled list-inline\">\n                                            \n                                                <li>\n                                                    <a href=\"https:\/\/www.researchgate.net\/profile\/Cristian-Munoz-Viveros\">\n                                                        <img decoding=\"async\" alt=\"sabbi-social\" class=\"img-responsive\" src=\"http:\/\/cope.ubiobio.cl\/wp-content\/uploads\/2020\/03\/Researchgate.png\">\n                                                    <\/a>\n                                                <\/li>\n                                            \n                                                <li>\n                                                    <a href=\"https:\/\/orcid.org\/0000-0002-0241-7796\">\n                                                        <img decoding=\"async\" alt=\"sabbi-social\" class=\"img-responsive\" src=\"http:\/\/cope.ubiobio.cl\/wp-content\/uploads\/2020\/01\/ORCIDiD_iconvector.svg\">\n                                                    <\/a>\n                                                <\/li>\n                                                                                    <\/ul>\n                                    <\/div>\n                                                            <\/div>\n                        <\/div>\n                    \n                        <div class=\"col-sm-6 col-md-4 \">\n                            <div class=\"profile-card profile-card-meta_center\">\n                                <figure>\n                                    <div class=\"sabbi-profile-pic-wrap\">\n                                        <img loading=\"lazy\" decoding=\"async\" width=\"263\" height=\"216\" src=\"http:\/\/cope.ubiobio.cl\/wp-content\/uploads\/2020\/01\/Rodrigo-Figueroa-300x300-1-263x216.png\" class=\"img-responsive\" alt=\"\" \/>                                    <\/div>\n                                    <figcaption>\n\n\n                                                                                    <h3 class=\"fig-title\">\n                                                <a href=\"http:\/\/cope.ubiobio.cl\/?team=dr-rodrigo-figueroa\">Dr. Rodrigo Figueroa San Mart\u00edn<\/a>\n                                            <\/h3>\n                                        \n\n                                                                                    <div class=\"fig-title-des\">Profesor Asistente B<\/div>\n                                        \n                                                                                    <div class=\"fig-meta\">\n                                                \n                                                                                                    <p class=\"fig-mail\"><strong>Email:<\/strong> <span>rfiguero@ubiobio.cl<\/span><\/p>\n                                                                                            <\/div>\n                                                                            <\/figcaption>\n                                <\/figure>\n                                                                    <div class=\"profile-card-meta\">\n                                        <ul class=\"pfofile-social list-unstyled list-inline\">\n                                            \n                                                <li>\n                                                    <a href=\"https:\/\/www.researchgate.net\/profile\/Rodrigo-Figueroa-3\">\n                                                        <img decoding=\"async\" alt=\"sabbi-social\" class=\"img-responsive\" src=\"http:\/\/cope.ubiobio.cl\/wp-content\/uploads\/2020\/03\/Researchgate.png\">\n                                                    <\/a>\n                                                <\/li>\n                                            \n                                                <li>\n                                                    <a href=\"https:\/\/orcid.org\/0000-0002-4382-3782\">\n                                                        <img decoding=\"async\" alt=\"sabbi-social\" class=\"img-responsive\" src=\"http:\/\/cope.ubiobio.cl\/wp-content\/uploads\/2020\/01\/ORCIDiD_iconvector.svg\">\n                                                    <\/a>\n                                                <\/li>\n                                                                                    <\/ul>\n                                    <\/div>\n                                                            <\/div>\n                        <\/div>\n                    \n                        <div class=\"col-sm-6 col-md-4 \">\n                            <div class=\"profile-card profile-card-meta_center\">\n                                <figure>\n                                    <div class=\"sabbi-profile-pic-wrap\">\n                                        <img loading=\"lazy\" decoding=\"async\" width=\"263\" height=\"216\" src=\"http:\/\/cope.ubiobio.cl\/wp-content\/uploads\/2020\/01\/sergio-contreras-1-263x216.jpeg\" class=\"img-responsive\" alt=\"\" \/>                                    <\/div>\n                                    <figcaption>\n\n\n                                                                                    <h3 class=\"fig-title\">\n                                                <a href=\"http:\/\/cope.ubiobio.cl\/?team=dr-sergio-contreras\">Dr. Sergio Contreras Espinoza<\/a>\n                                            <\/h3>\n                                        \n\n                                                                                    <div class=\"fig-title-des\">Profesor Asociado<\/div>\n                                        \n                                                                                    <div class=\"fig-meta\">\n                                                \n                                                                                                    <p class=\"fig-mail\"><strong>Email:<\/strong> <span>scontre@ubiobio.cl<\/span><\/p>\n                                                                                            <\/div>\n                                                                            <\/figcaption>\n                                <\/figure>\n                                                                    <div class=\"profile-card-meta\">\n                                        <ul class=\"pfofile-social list-unstyled list-inline\">\n                                            \n                                                <li>\n                                                    <a href=\"https:\/\/www.researchgate.net\/profile\/Sergio-Contreras\">\n                                                        <img decoding=\"async\" alt=\"sabbi-social\" class=\"img-responsive\" src=\"http:\/\/cope.ubiobio.cl\/wp-content\/uploads\/2020\/03\/Researchgate.png\">\n                                                    <\/a>\n                                                <\/li>\n                                            \n                                                <li>\n                                                    <a href=\"https:\/\/orcid.org\/0000-0003-3075-4922\">\n                                                        <img decoding=\"async\" alt=\"sabbi-social\" class=\"img-responsive\" src=\"http:\/\/cope.ubiobio.cl\/wp-content\/uploads\/2020\/01\/ORCIDiD_iconvector.svg\">\n                                                    <\/a>\n                                                <\/li>\n                                                                                    <\/ul>\n                                    <\/div>\n                                                            <\/div>\n                        <\/div>\n                    \n                        <div class=\"col-sm-6 col-md-4 \">\n                            <div class=\"profile-card profile-card-meta_center\">\n                                <figure>\n                                    <div class=\"sabbi-profile-pic-wrap\">\n                                        <img loading=\"lazy\" decoding=\"async\" width=\"263\" height=\"216\" src=\"http:\/\/cope.ubiobio.cl\/wp-content\/uploads\/2024\/01\/Nelson-Arias-Jimenez-263x216.jpg\" class=\"img-responsive\" alt=\"\" \/>                                    <\/div>\n                                    <figcaption>\n\n\n                                                                                    <h3 class=\"fig-title\">\n                                                <a href=\"http:\/\/cope.ubiobio.cl\/?team=dr-nelson-arias-jimenez\">Dr. Nelson Arias J.<\/a>\n                                            <\/h3>\n                                        \n\n                                                                                    <div class=\"fig-title-des\">Asistente A<\/div>\n                                        \n                                                                                    <div class=\"fig-meta\">\n                                                \n                                                                                                    <p class=\"fig-mail\"><strong>Email:<\/strong> <span>narias@ubiobio.cl<\/span><\/p>\n                                                                                            <\/div>\n                                                                            <\/figcaption>\n                                <\/figure>\n                                                                    <div class=\"profile-card-meta\">\n                                        <ul class=\"pfofile-social list-unstyled list-inline\">\n                                            \n                                                <li>\n                                                    <a href=\"https:\/\/www.researchgate.net\/profile\/Nelson-Arias-Jimenez\">\n                                                        <img decoding=\"async\" alt=\"sabbi-social\" class=\"img-responsive\" src=\"http:\/\/cope.ubiobio.cl\/wp-content\/uploads\/2020\/03\/Researchgate.png\">\n                                                    <\/a>\n                                                <\/li>\n                                            \n                                                <li>\n                                                    <a href=\"https:\/\/orcid.org\/0000-0001-7071-7523\">\n                                                        <img decoding=\"async\" alt=\"sabbi-social\" class=\"img-responsive\" src=\"http:\/\/cope.ubiobio.cl\/wp-content\/uploads\/2020\/01\/ORCIDiD_iconvector.svg\">\n                                                    <\/a>\n                                                <\/li>\n                                                                                    <\/ul>\n                                    <\/div>\n                                                            <\/div>\n                        <\/div>\n                    \n                        <div class=\"col-sm-6 col-md-4 \">\n                            <div class=\"profile-card profile-card-meta_center\">\n                                <figure>\n                                    <div class=\"sabbi-profile-pic-wrap\">\n                                        <img loading=\"lazy\" decoding=\"async\" width=\"263\" height=\"216\" src=\"http:\/\/cope.ubiobio.cl\/wp-content\/uploads\/2026\/01\/Imagen1-263x216.jpg\" class=\"img-responsive\" alt=\"\" \/>                                    <\/div>\n                                    <figcaption>\n\n\n                                                                                    <h3 class=\"fig-title\">\n                                                <a href=\"http:\/\/cope.ubiobio.cl\/?team=rafael-eduardo-lopez-guerrero\">Dr. Rafael Eduardo L\u00f3pez G.<\/a>\n                                            <\/h3>\n                                        \n\n                                                                                    <div class=\"fig-title-des\">Profesor Asistente<\/div>\n                                        \n                                                                                    <div class=\"fig-meta\">\n                                                \n                                                                                                    <p class=\"fig-mail\"><strong>Email:<\/strong> <span>rlopez@ubiobio.cl<\/span><\/p>\n                                                                                            <\/div>\n                                                                            <\/figcaption>\n                                <\/figure>\n                                                                    <div class=\"profile-card-meta\">\n                                        <ul class=\"pfofile-social list-unstyled list-inline\">\n                                            \n                                                <li>\n                                                    <a href=\"https:\/\/www.researchgate.net\/profile\/Rafael-Eduardo-Lopez-Guerrero\">\n                                                        <img decoding=\"async\" alt=\"sabbi-social\" class=\"img-responsive\" src=\"http:\/\/cope.ubiobio.cl\/wp-content\/uploads\/2020\/03\/Researchgate.png\">\n                                                    <\/a>\n                                                <\/li>\n                                            \n                                                <li>\n                                                    <a href=\"https:\/\/orcid.org\/0000-0002-5941-0421\">\n                                                        <img decoding=\"async\" alt=\"sabbi-social\" class=\"img-responsive\" src=\"http:\/\/cope.ubiobio.cl\/wp-content\/uploads\/2020\/01\/ORCIDiD_iconvector.svg\">\n                                                    <\/a>\n                                                <\/li>\n                                                                                    <\/ul>\n                                    <\/div>\n                                                            <\/div>\n                        <\/div>\n                                                <\/div>\n\t                <\/div>\n        \t\t<\/div>\n\t\t\t\t<\/div>\n\t\t\t\t\t\t<\/div>\n\t\t\t<\/div>\n\t\t<\/div>\n\t\t\t\t\t\t<\/div>\n\t\t\t<\/div>\n\t\t<\/section>\n\t\t\t\t<section class=\"elementor-element elementor-element-f1534a4 elementor-section-content-middle elementor-section-boxed elementor-section-height-default elementor-section-height-default elementor-section elementor-top-section\" data-id=\"f1534a4\" data-element_type=\"section\">\n\t\t\t\t\t\t<div class=\"elementor-container elementor-column-gap-default\">\n\t\t\t\t<div class=\"elementor-row\">\n\t\t\t\t<div class=\"elementor-element elementor-element-ac512e0 elementor-column elementor-col-50 elementor-top-column\" data-id=\"ac512e0\" data-element_type=\"column\">\n\t\t\t<div class=\"elementor-column-wrap  elementor-element-populated\">\n\t\t\t\t\t<div class=\"elementor-widget-wrap\">\n\t\t\t\t<div class=\"elementor-element elementor-element-8ed093a elementor-align-center elementor-widget elementor-widget-button\" data-id=\"8ed093a\" data-element_type=\"widget\" data-widget_type=\"button.default\">\n\t\t\t\t<div class=\"elementor-widget-container\">\n\t\t\t\t\t<div class=\"elementor-button-wrapper\">\n\t\t\t<a href=\"http:\/\/cope.ubiobio.cl\/?page_id=3108\" class=\"elementor-button-link elementor-button elementor-size-sm\" role=\"button\">\n\t\t\t\t\t\t<span class=\"elementor-button-content-wrapper\">\n\t\t\t\t\t\t<span class=\"elementor-button-icon elementor-align-icon-left\">\n\t\t\t\t<i aria-hidden=\"true\" class=\"fas fa-globe-americas\"><\/i>\t\t\t<\/span>\n\t\t\t\t\t\t<span class=\"elementor-button-text\">Ver Investigadores Asociados<\/span>\n\t\t<\/span>\n\t\t\t\t\t<\/a>\n\t\t<\/div>\n\t\t\t\t<\/div>\n\t\t\t\t<\/div>\n\t\t\t\t\t\t<\/div>\n\t\t\t<\/div>\n\t\t<\/div>\n\t\t\t\t<div class=\"elementor-element elementor-element-6a5e62e elementor-column elementor-col-50 elementor-top-column\" data-id=\"6a5e62e\" data-element_type=\"column\">\n\t\t\t<div class=\"elementor-column-wrap  elementor-element-populated\">\n\t\t\t\t\t<div class=\"elementor-widget-wrap\">\n\t\t\t\t<div class=\"elementor-element elementor-element-a0dc417 elementor-align-center elementor-widget elementor-widget-button\" data-id=\"a0dc417\" data-element_type=\"widget\" data-widget_type=\"button.default\">\n\t\t\t\t<div class=\"elementor-widget-container\">\n\t\t\t\t\t<div class=\"elementor-button-wrapper\">\n\t\t\t<a href=\"http:\/\/cope.ubiobio.cl\/?page_id=3114\" class=\"elementor-button-link elementor-button elementor-size-sm\" role=\"button\">\n\t\t\t\t\t\t<span class=\"elementor-button-content-wrapper\">\n\t\t\t\t\t\t<span class=\"elementor-button-icon elementor-align-icon-left\">\n\t\t\t\t<i aria-hidden=\"true\" class=\"fas fa-people-carry\"><\/i>\t\t\t<\/span>\n\t\t\t\t\t\t<span class=\"elementor-button-text\">Ver Colaboradores<\/span>\n\t\t<\/span>\n\t\t\t\t\t<\/a>\n\t\t<\/div>\n\t\t\t\t<\/div>\n\t\t\t\t<\/div>\n\t\t\t\t\t\t<\/div>\n\t\t\t<\/div>\n\t\t<\/div>\n\t\t\t\t\t\t<\/div>\n\t\t\t<\/div>\n\t\t<\/section>\n\t\t\t\t\t\t<\/div>\n\t\t\t<\/div>\n\t\t<\/div>\n\t\t","protected":false},"excerpt":{"rendered":"<p>Grupo de Investigadores Universidad del B\u00edo-B\u00edo Dra. Maureen Trebilcock Profesora Titular Email: mtrebilc@ubiobio.cl Dr. Alexis P\u00e9rez Asistente A Email: aperezf@ubiobio.cl Dr. (c) Eduardo Sol\u00eds Profesor Asistente B Email: esolis@ubiobio.cl Dra. Beatriz Piderit Profesor Asociado Email: mpiderit@ubiobio.cl Dra. Paulina Wegertseder Asistente A Email: pwegertseder@ubiobio.cl Ver Investigadores Asociados Ver Colaboradores<\/p>\n","protected":false},"author":1,"featured_media":2658,"parent":0,"menu_order":0,"comment_status":"closed","ping_status":"closed","template":"","meta":{"footnotes":""},"class_list":["post-3102","page","type-page","status-publish","has-post-thumbnail","hentry"],"jetpack_sharing_enabled":true,"_links":{"self":[{"href":"http:\/\/cope.ubiobio.cl\/index.php?rest_route=\/wp\/v2\/pages\/3102","targetHints":{"allow":["GET"]}}],"collection":[{"href":"http:\/\/cope.ubiobio.cl\/index.php?rest_route=\/wp\/v2\/pages"}],"about":[{"href":"http:\/\/cope.ubiobio.cl\/index.php?rest_route=\/wp\/v2\/types\/page"}],"author":[{"embeddable":true,"href":"http:\/\/cope.ubiobio.cl\/index.php?rest_route=\/wp\/v2\/users\/1"}],"replies":[{"embeddable":true,"href":"http:\/\/cope.ubiobio.cl\/index.php?rest_route=%2Fwp%2Fv2%2Fcomments&post=3102"}],"version-history":[{"count":6,"href":"http:\/\/cope.ubiobio.cl\/index.php?rest_route=\/wp\/v2\/pages\/3102\/revisions"}],"predecessor-version":[{"id":3411,"href":"http:\/\/cope.ubiobio.cl\/index.php?rest_route=\/wp\/v2\/pages\/3102\/revisions\/3411"}],"wp:featuredmedia":[{"embeddable":true,"href":"http:\/\/cope.ubiobio.cl\/index.php?rest_route=\/wp\/v2\/media\/2658"}],"wp:attachment":[{"href":"http:\/\/cope.ubiobio.cl\/index.php?rest_route=%2Fwp%2Fv2%2Fmedia&parent=3102"}],"curies":[{"name":"wp","href":"https:\/\/api.w.org\/{rel}","templated":true}]}}