{"id":3549,"date":"2020-07-20T12:03:36","date_gmt":"2020-07-20T16:03:36","guid":{"rendered":"http:\/\/cope.ubiobio.cl\/?page_id=3549"},"modified":"2020-07-20T13:10:52","modified_gmt":"2020-07-20T17:10:52","slug":"analisis-internacional-y-propuesta-de-un-nuevo-marco-normativo-para-la-infraestructura-escolar-y-parvularia-en-chile","status":"publish","type":"page","link":"http:\/\/cope.ubiobio.cl\/?page_id=3549","title":{"rendered":"An\u00e1lisis internacional y propuesta de un nuevo marco normativo para la infraestructura escolar y parvularia en   Chile"},"content":{"rendered":"\t\t<div data-elementor-type=\"wp-page\" data-elementor-id=\"3549\" class=\"elementor elementor-3549\" data-elementor-settings=\"[]\">\n\t\t\t<div class=\"elementor-inner\">\n\t\t\t\t<div class=\"elementor-section-wrap\">\n\t\t\t\t\t\t\t<section class=\"elementor-element elementor-element-8da5c39 elementor-section-boxed elementor-section-height-default elementor-section-height-default elementor-section elementor-top-section\" data-id=\"8da5c39\" data-element_type=\"section\">\n\t\t\t\t\t\t<div class=\"elementor-container elementor-column-gap-default\">\n\t\t\t\t<div class=\"elementor-row\">\n\t\t\t\t<div class=\"elementor-element elementor-element-3b28515 elementor-column elementor-col-25 elementor-top-column\" data-id=\"3b28515\" data-element_type=\"column\">\n\t\t\t<div class=\"elementor-column-wrap  elementor-element-populated\">\n\t\t\t\t\t<div class=\"elementor-widget-wrap\">\n\t\t\t\t<div class=\"elementor-element elementor-element-b966268 elementor-widget elementor-widget-heading\" data-id=\"b966268\" data-element_type=\"widget\" data-widget_type=\"heading.default\">\n\t\t\t\t<div class=\"elementor-widget-container\">\n\t\t\t<h2 class=\"elementor-heading-title elementor-size-default\">T\u00ed<b>tul<\/b>o<\/h2>\t\t<\/div>\n\t\t\t\t<\/div>\n\t\t\t\t<div class=\"elementor-element elementor-element-10206b7 elementor-widget elementor-widget-text-editor\" data-id=\"10206b7\" data-element_type=\"widget\" data-widget_type=\"text-editor.default\">\n\t\t\t\t<div class=\"elementor-widget-container\">\n\t\t\t\t\t<div class=\"elementor-text-editor elementor-clearfix\"><p>An\u00e1lisis internacional y propuesta de un nuevo marco normativo para la infraestructura escolar y parvularia en\u00a0 Chile<\/p><\/div>\n\t\t\t\t<\/div>\n\t\t\t\t<\/div>\n\t\t\t\t\t\t<\/div>\n\t\t\t<\/div>\n\t\t<\/div>\n\t\t\t\t<div class=\"elementor-element elementor-element-9c896c5 elementor-column elementor-col-25 elementor-top-column\" data-id=\"9c896c5\" data-element_type=\"column\">\n\t\t\t<div class=\"elementor-column-wrap  elementor-element-populated\">\n\t\t\t\t\t<div class=\"elementor-widget-wrap\">\n\t\t\t\t<div class=\"elementor-element elementor-element-5ad2bc7 elementor-widget elementor-widget-heading\" data-id=\"5ad2bc7\" data-element_type=\"widget\" data-widget_type=\"heading.default\">\n\t\t\t\t<div class=\"elementor-widget-container\">\n\t\t\t<h2 class=\"elementor-heading-title elementor-size-default\">Investigadores\/as<\/h2>\t\t<\/div>\n\t\t\t\t<\/div>\n\t\t\t\t<div class=\"elementor-element elementor-element-f21e317 elementor-icon-list--layout-traditional elementor-widget elementor-widget-icon-list\" data-id=\"f21e317\" data-element_type=\"widget\" data-widget_type=\"icon-list.default\">\n\t\t\t\t<div class=\"elementor-widget-container\">\n\t\t\t\t\t<ul class=\"elementor-icon-list-items\">\n\t\t\t\t\t\t\t<li class=\"elementor-icon-list-item\" >\n\t\t\t\t\t<a href=\"http:\/\/cope.ubiobio.cl\/?team=dra-beatriz-piderit\">\t\t\t\t\t\t<span class=\"elementor-icon-list-icon\">\n\t\t\t\t\t\t\t<i aria-hidden=\"true\" class=\"fas fa-chevron-circle-right\"><\/i>\t\t\t\t\t\t<\/span>\n\t\t\t\t\t\t\t\t\t\t<span class=\"elementor-icon-list-text\">Mar\u00eda Beatriz Piderit<\/span>\n\t\t\t\t\t\t\t\t\t\t\t<\/a>\n\t\t\t\t\t\t\t\t\t<\/li>\n\t\t\t\t\t\t\t\t<li class=\"elementor-icon-list-item\" >\n\t\t\t\t\t\t\t\t\t\t\t<span class=\"elementor-icon-list-icon\">\n\t\t\t\t\t\t\t<i aria-hidden=\"true\" class=\"fas fa-chevron-circle-right\"><\/i>\t\t\t\t\t\t<\/span>\n\t\t\t\t\t\t\t\t\t\t<span class=\"elementor-icon-list-text\">Valeria Cartes<\/span>\n\t\t\t\t\t\t\t\t\t<\/li>\n\t\t\t\t\t\t\t\t<li class=\"elementor-icon-list-item\" >\n\t\t\t\t\t\t\t\t\t\t\t<span class=\"elementor-icon-list-icon\">\n\t\t\t\t\t\t\t<i aria-hidden=\"true\" class=\"fas fa-chevron-circle-right\"><\/i>\t\t\t\t\t\t<\/span>\n\t\t\t\t\t\t\t\t\t\t<span class=\"elementor-icon-list-text\">Rodrigo Herrera<\/span>\n\t\t\t\t\t\t\t\t\t<\/li>\n\t\t\t\t\t\t\t\t<li class=\"elementor-icon-list-item\" >\n\t\t\t\t\t<a href=\"http:\/\/cope.ubiobio.cl\/?team=muriel-diaz\">\t\t\t\t\t\t<span class=\"elementor-icon-list-icon\">\n\t\t\t\t\t\t\t<i aria-hidden=\"true\" class=\"fas fa-chevron-circle-right\"><\/i>\t\t\t\t\t\t<\/span>\n\t\t\t\t\t\t\t\t\t\t<span class=\"elementor-icon-list-text\">Muriel D\u00edaz<\/span>\n\t\t\t\t\t\t\t\t\t\t\t<\/a>\n\t\t\t\t\t\t\t\t\t<\/li>\n\t\t\t\t\t\t\t\t<li class=\"elementor-icon-list-item\" >\n\t\t\t\t\t<a href=\"http:\/\/cope.ubiobio.cl\/?team=dra-paulina-wegertseder\">\t\t\t\t\t\t<span class=\"elementor-icon-list-icon\">\n\t\t\t\t\t\t\t<i aria-hidden=\"true\" class=\"fas fa-chevron-circle-right\"><\/i>\t\t\t\t\t\t<\/span>\n\t\t\t\t\t\t\t\t\t\t<span class=\"elementor-icon-list-text\">Paulina Wegertseder<\/span>\n\t\t\t\t\t\t\t\t\t\t\t<\/a>\n\t\t\t\t\t\t\t\t\t<\/li>\n\t\t\t\t\t\t\t\t<li class=\"elementor-icon-list-item\" >\n\t\t\t\t\t\t\t\t\t\t\t<span class=\"elementor-icon-list-icon\">\n\t\t\t\t\t\t\t<i aria-hidden=\"true\" class=\"fas fa-chevron-circle-right\"><\/i>\t\t\t\t\t\t<\/span>\n\t\t\t\t\t\t\t\t\t\t<span class=\"elementor-icon-list-text\">Ariel Bobadilla<\/span>\n\t\t\t\t\t\t\t\t\t<\/li>\n\t\t\t\t\t\t\t\t<li class=\"elementor-icon-list-item\" >\n\t\t\t\t\t\t\t\t\t\t\t<span class=\"elementor-icon-list-icon\">\n\t\t\t\t\t\t\t<i aria-hidden=\"true\" class=\"fas fa-chevron-circle-right\"><\/i>\t\t\t\t\t\t<\/span>\n\t\t\t\t\t\t\t\t\t\t<span class=\"elementor-icon-list-text\">Cristian Mu\u00f1oz<\/span>\n\t\t\t\t\t\t\t\t\t<\/li>\n\t\t\t\t\t\t\t\t<li class=\"elementor-icon-list-item\" >\n\t\t\t\t\t\t\t\t\t\t\t<span class=\"elementor-icon-list-icon\">\n\t\t\t\t\t\t\t<i aria-hidden=\"true\" class=\"fas fa-chevron-circle-right\"><\/i>\t\t\t\t\t\t<\/span>\n\t\t\t\t\t\t\t\t\t\t<span class=\"elementor-icon-list-text\">Jeremy Piggot<\/span>\n\t\t\t\t\t\t\t\t\t<\/li>\n\t\t\t\t\t\t<\/ul>\n\t\t\t\t<\/div>\n\t\t\t\t<\/div>\n\t\t\t\t\t\t<\/div>\n\t\t\t<\/div>\n\t\t<\/div>\n\t\t\t\t<div class=\"elementor-element elementor-element-d1d424e elementor-column elementor-col-50 elementor-top-column\" data-id=\"d1d424e\" data-element_type=\"column\">\n\t\t\t<div class=\"elementor-column-wrap  elementor-element-populated\">\n\t\t\t\t\t<div class=\"elementor-widget-wrap\">\n\t\t\t\t<div class=\"elementor-element elementor-element-b2b6266 elementor-widget elementor-widget-heading\" data-id=\"b2b6266\" data-element_type=\"widget\" data-widget_type=\"heading.default\">\n\t\t\t\t<div class=\"elementor-widget-container\">\n\t\t\t<h2 class=\"elementor-heading-title elementor-size-default\">Objetivo<\/h2>\t\t<\/div>\n\t\t\t\t<\/div>\n\t\t\t\t<div class=\"elementor-element elementor-element-4475fa4 elementor-widget elementor-widget-text-editor\" data-id=\"4475fa4\" data-element_type=\"widget\" data-widget_type=\"text-editor.default\">\n\t\t\t\t<div class=\"elementor-widget-container\">\n\t\t\t\t\t<div class=\"elementor-text-editor elementor-clearfix\"><p>El objetivo de este proyecto es elaborar una propuesta de normativa nacional actualizada de infraestructura escolar y parvularia en Chile.<\/p><\/div>\n\t\t\t\t<\/div>\n\t\t\t\t<\/div>\n\t\t\t\t\t\t<\/div>\n\t\t\t<\/div>\n\t\t<\/div>\n\t\t\t\t\t\t<\/div>\n\t\t\t<\/div>\n\t\t<\/section>\n\t\t\t\t<section class=\"elementor-element elementor-element-2be2403 elementor-section-boxed elementor-section-height-default elementor-section-height-default elementor-section elementor-top-section\" data-id=\"2be2403\" data-element_type=\"section\">\n\t\t\t\t\t\t<div class=\"elementor-container elementor-column-gap-default\">\n\t\t\t\t<div class=\"elementor-row\">\n\t\t\t\t<div class=\"elementor-element elementor-element-d49e297 elementor-column elementor-col-100 elementor-top-column\" data-id=\"d49e297\" data-element_type=\"column\">\n\t\t\t<div class=\"elementor-column-wrap  elementor-element-populated\">\n\t\t\t\t\t<div class=\"elementor-widget-wrap\">\n\t\t\t\t<div class=\"elementor-element elementor-element-294f0fa elementor-widget elementor-widget-heading\" data-id=\"294f0fa\" data-element_type=\"widget\" data-widget_type=\"heading.default\">\n\t\t\t\t<div class=\"elementor-widget-container\">\n\t\t\t<h2 class=\"elementor-heading-title elementor-size-default\">Resumen<\/h2>\t\t<\/div>\n\t\t\t\t<\/div>\n\t\t\t\t<div class=\"elementor-element elementor-element-dd9e8a4 elementor-widget elementor-widget-text-editor\" data-id=\"dd9e8a4\" data-element_type=\"widget\" data-widget_type=\"text-editor.default\">\n\t\t\t\t<div class=\"elementor-widget-container\">\n\t\t\t\t\t<div class=\"elementor-text-editor elementor-clearfix\"><p><a name=\"_Toc503254043\"><\/a>Antecedentes generales<\/p><p>La propuesta es presentada por un equipo multidisciplinario de profesionales con un alto grado de excelencia en investigaci\u00f3n y de desarrollo cient\u00edfico-tecnol\u00f3gico, unos ligados al \u00e1rea de la eficiencia energ\u00e9tica de edificios, el confort ambiental interior en escuelas (t\u00e9rmico, lum\u00ednico y ac\u00fastico) y la evaluaci\u00f3n del ambiente interior de las edificaciones. Participan en este equipo profesionales ligados al dise\u00f1o de edificios para uso educacional y que han participado de la creaci\u00f3n de est\u00e1ndares para el dise\u00f1o de los mismos. Todos investigadores destacados del \u00e1rea de la Arquitectura Sustentable y Eficiencia Energ\u00e9tica, con publicaciones cient\u00edficas relevantes en el \u00e1rea. \u00danicos en Chile con una vasta experiencia en confort ambiental en edificios educacionales y evaluaci\u00f3n de la percepci\u00f3n de los usuarios.<\/p><p>Objetivos espec\u00edficos<\/p><ol><li>Analizar y comparar las normativas de infraestructura escolar en los pa\u00edses designados en las bases t\u00e9cnicas (Finlandia, Jap\u00f3n, Canad\u00e1, Australia, Pa\u00edses Bajos, Reino Unido y Francia).<\/li><li>Identificar elementos comunes y\/o claves que deben estar presentes en una normativa<\/li><li>Describir las normativas chilenas vigentes en materia de infraestructura escolar, identificando vac\u00edos, actualizaciones necesarias, tiempo posibles de modificaci\u00f3n, consecuencias, etc.<\/li><li>Analizar las normativas chilenas vigentes en materia de infraestructura escolar, identificando vac\u00edos, actualizaciones necesarias, tiempos posibles de modificaci\u00f3n, consecuencias, etc.<\/li><li>Analizar comparativamente la informaci\u00f3n recolectada a nivel nacional e internacional, con el objetivo de obtener lecciones para el sistema chileno, teniendo en cuenta la aplicabilidad de las experiencias internacionales en nuestro pa\u00eds.<\/li><li>Elaborar, a partir de los an\u00e1lisis realizados, una propuesta de normativa nacional de infraestructura escolar<\/li><\/ol><\/div>\n\t\t\t\t<\/div>\n\t\t\t\t<\/div>\n\t\t\t\t\t\t<\/div>\n\t\t\t<\/div>\n\t\t<\/div>\n\t\t\t\t\t\t<\/div>\n\t\t\t<\/div>\n\t\t<\/section>\n\t\t\t\t\t\t<\/div>\n\t\t\t<\/div>\n\t\t<\/div>\n\t\t","protected":false},"excerpt":{"rendered":"<p>T\u00edtulo An\u00e1lisis internacional y propuesta de un nuevo marco normativo para la infraestructura escolar y parvularia en\u00a0 Chile Investigadores\/as Mar\u00eda Beatriz Piderit Valeria Cartes Rodrigo Herrera Muriel D\u00edaz Paulina Wegertseder Ariel Bobadilla Cristian Mu\u00f1oz Jeremy Piggot Objetivo El objetivo de este proyecto es elaborar una propuesta de normativa nacional actualizada de infraestructura escolar y parvularia [&hellip;]<\/p>\n","protected":false},"author":2,"featured_media":2660,"parent":0,"menu_order":0,"comment_status":"closed","ping_status":"closed","template":"","meta":{"footnotes":""},"class_list":["post-3549","page","type-page","status-publish","has-post-thumbnail","hentry"],"jetpack_sharing_enabled":true,"_links":{"self":[{"href":"http:\/\/cope.ubiobio.cl\/index.php?rest_route=\/wp\/v2\/pages\/3549","targetHints":{"allow":["GET"]}}],"collection":[{"href":"http:\/\/cope.ubiobio.cl\/index.php?rest_route=\/wp\/v2\/pages"}],"about":[{"href":"http:\/\/cope.ubiobio.cl\/index.php?rest_route=\/wp\/v2\/types\/page"}],"author":[{"embeddable":true,"href":"http:\/\/cope.ubiobio.cl\/index.php?rest_route=\/wp\/v2\/users\/2"}],"replies":[{"embeddable":true,"href":"http:\/\/cope.ubiobio.cl\/index.php?rest_route=%2Fwp%2Fv2%2Fcomments&post=3549"}],"version-history":[{"count":21,"href":"http:\/\/cope.ubiobio.cl\/index.php?rest_route=\/wp\/v2\/pages\/3549\/revisions"}],"predecessor-version":[{"id":3621,"href":"http:\/\/cope.ubiobio.cl\/index.php?rest_route=\/wp\/v2\/pages\/3549\/revisions\/3621"}],"wp:featuredmedia":[{"embeddable":true,"href":"http:\/\/cope.ubiobio.cl\/index.php?rest_route=\/wp\/v2\/media\/2660"}],"wp:attachment":[{"href":"http:\/\/cope.ubiobio.cl\/index.php?rest_route=%2Fwp%2Fv2%2Fmedia&parent=3549"}],"curies":[{"name":"wp","href":"https:\/\/api.w.org\/{rel}","templated":true}]}}