{"id":3898,"date":"2025-12-01T01:07:40","date_gmt":"2025-12-01T05:07:40","guid":{"rendered":"http:\/\/cope.ubiobio.cl\/?page_id=3898"},"modified":"2025-12-01T01:28:06","modified_gmt":"2025-12-01T05:28:06","slug":"proyecto-cooperacion-ripeba-red-iberoamericana-de-pobreza-energetica-y-bienestar-ambiental-financiamiento-cyted","status":"publish","type":"page","link":"http:\/\/cope.ubiobio.cl\/?page_id=3898","title":{"rendered":"PROYECTO COOPERACI\u00d3N: RIPEBA &#8211; Red iberoamericana de pobreza energ\u00e9tica y bienestar ambiental, Financiamiento: CYTED."},"content":{"rendered":"\t\t<div data-elementor-type=\"wp-page\" data-elementor-id=\"3898\" class=\"elementor elementor-3898\" data-elementor-settings=\"[]\">\n\t\t\t<div class=\"elementor-inner\">\n\t\t\t\t<div class=\"elementor-section-wrap\">\n\t\t\t\t\t\t\t<section class=\"elementor-element elementor-element-74b0731 elementor-section-boxed elementor-section-height-default elementor-section-height-default elementor-section elementor-top-section\" data-id=\"74b0731\" data-element_type=\"section\">\n\t\t\t\t\t\t<div class=\"elementor-container elementor-column-gap-default\">\n\t\t\t\t<div class=\"elementor-row\">\n\t\t\t\t<div class=\"elementor-element elementor-element-c38318f elementor-column elementor-col-25 elementor-top-column\" data-id=\"c38318f\" data-element_type=\"column\">\n\t\t\t<div class=\"elementor-column-wrap  elementor-element-populated\">\n\t\t\t\t\t<div class=\"elementor-widget-wrap\">\n\t\t\t\t<div class=\"elementor-element elementor-element-e0cf98a elementor-widget elementor-widget-heading\" data-id=\"e0cf98a\" data-element_type=\"widget\" data-widget_type=\"heading.default\">\n\t\t\t\t<div class=\"elementor-widget-container\">\n\t\t\t<h2 class=\"elementor-heading-title elementor-size-default\">T\u00ed<b>tul<\/b>o<\/h2>\t\t<\/div>\n\t\t\t\t<\/div>\n\t\t\t\t<div class=\"elementor-element elementor-element-ee2fa99 elementor-widget elementor-widget-text-editor\" data-id=\"ee2fa99\" data-element_type=\"widget\" data-widget_type=\"text-editor.default\">\n\t\t\t\t<div class=\"elementor-widget-container\">\n\t\t\t\t\t<div class=\"elementor-text-editor elementor-clearfix\"><p><strong>RIPEBA <\/strong>&#8211; Red iberoamericana de pobreza energ\u00e9tica y bienestar ambiental<\/p><\/div>\n\t\t\t\t<\/div>\n\t\t\t\t<\/div>\n\t\t\t\t\t\t<\/div>\n\t\t\t<\/div>\n\t\t<\/div>\n\t\t\t\t<div class=\"elementor-element elementor-element-226b4c5 elementor-column elementor-col-25 elementor-top-column\" data-id=\"226b4c5\" data-element_type=\"column\">\n\t\t\t<div class=\"elementor-column-wrap  elementor-element-populated\">\n\t\t\t\t\t<div class=\"elementor-widget-wrap\">\n\t\t\t\t<div class=\"elementor-element elementor-element-e455d25 elementor-widget elementor-widget-heading\" data-id=\"e455d25\" data-element_type=\"widget\" data-widget_type=\"heading.default\">\n\t\t\t\t<div class=\"elementor-widget-container\">\n\t\t\t<h2 class=\"elementor-heading-title elementor-size-default\">Investigadores\/as<\/h2>\t\t<\/div>\n\t\t\t\t<\/div>\n\t\t\t\t<div class=\"elementor-element elementor-element-502da72 elementor-icon-list--layout-traditional elementor-widget elementor-widget-icon-list\" data-id=\"502da72\" data-element_type=\"widget\" data-widget_type=\"icon-list.default\">\n\t\t\t\t<div class=\"elementor-widget-container\">\n\t\t\t\t\t<ul class=\"elementor-icon-list-items\">\n\t\t\t\t\t\t\t<li class=\"elementor-icon-list-item\" >\n\t\t\t\t\t\t\t\t\t\t\t<span class=\"elementor-icon-list-icon\">\n\t\t\t\t\t\t\t<i aria-hidden=\"true\" class=\"fas fa-chevron-circle-right\"><\/i>\t\t\t\t\t\t<\/span>\n\t\t\t\t\t\t\t\t\t\t<span class=\"elementor-icon-list-text\">Maureen Trebilcock <\/span>\n\t\t\t\t\t\t\t\t\t<\/li>\n\t\t\t\t\t\t\t\t<li class=\"elementor-icon-list-item\" >\n\t\t\t\t\t\t\t\t\t\t\t<span class=\"elementor-icon-list-icon\">\n\t\t\t\t\t\t\t<i aria-hidden=\"true\" class=\"fas fa-chevron-circle-right\"><\/i>\t\t\t\t\t\t<\/span>\n\t\t\t\t\t\t\t\t\t\t<span class=\"elementor-icon-list-text\">Jaime Soto<\/span>\n\t\t\t\t\t\t\t\t\t<\/li>\n\t\t\t\t\t\t\t\t<li class=\"elementor-icon-list-item\" >\n\t\t\t\t\t\t\t\t\t\t\t<span class=\"elementor-icon-list-icon\">\n\t\t\t\t\t\t\t<i aria-hidden=\"true\" class=\"fas fa-chevron-circle-right\"><\/i>\t\t\t\t\t\t<\/span>\n\t\t\t\t\t\t\t\t\t\t<span class=\"elementor-icon-list-text\">Paulina Wegertseder<\/span>\n\t\t\t\t\t\t\t\t\t<\/li>\n\t\t\t\t\t\t\t\t<li class=\"elementor-icon-list-item\" >\n\t\t\t\t\t\t\t\t\t\t\t<span class=\"elementor-icon-list-icon\">\n\t\t\t\t\t\t\t<i aria-hidden=\"true\" class=\"fas fa-chevron-circle-right\"><\/i>\t\t\t\t\t\t<\/span>\n\t\t\t\t\t\t\t\t\t\t<span class=\"elementor-icon-list-text\">Roberto Arriagada<\/span>\n\t\t\t\t\t\t\t\t\t<\/li>\n\t\t\t\t\t\t\t\t<li class=\"elementor-icon-list-item\" >\n\t\t\t\t\t\t\t\t\t\t\t<span class=\"elementor-icon-list-icon\">\n\t\t\t\t\t\t\t<i aria-hidden=\"true\" class=\"fas fa-chevron-circle-right\"><\/i>\t\t\t\t\t\t<\/span>\n\t\t\t\t\t\t\t\t\t\t<span class=\"elementor-icon-list-text\">Cristi\u00e1n Mu\u00f1oz<\/span>\n\t\t\t\t\t\t\t\t\t<\/li>\n\t\t\t\t\t\t<\/ul>\n\t\t\t\t<\/div>\n\t\t\t\t<\/div>\n\t\t\t\t\t\t<\/div>\n\t\t\t<\/div>\n\t\t<\/div>\n\t\t\t\t<div class=\"elementor-element elementor-element-3284850 elementor-column elementor-col-50 elementor-top-column\" data-id=\"3284850\" data-element_type=\"column\">\n\t\t\t<div class=\"elementor-column-wrap  elementor-element-populated\">\n\t\t\t\t\t<div class=\"elementor-widget-wrap\">\n\t\t\t\t<div class=\"elementor-element elementor-element-9d2eedf elementor-widget elementor-widget-heading\" data-id=\"9d2eedf\" data-element_type=\"widget\" data-widget_type=\"heading.default\">\n\t\t\t\t<div class=\"elementor-widget-container\">\n\t\t\t<h2 class=\"elementor-heading-title elementor-size-default\">Objetivo<\/h2>\t\t<\/div>\n\t\t\t\t<\/div>\n\t\t\t\t<div class=\"elementor-element elementor-element-8bd5764 elementor-widget elementor-widget-text-editor\" data-id=\"8bd5764\" data-element_type=\"widget\" data-widget_type=\"text-editor.default\">\n\t\t\t\t<div class=\"elementor-widget-container\">\n\t\t\t\t\t<div class=\"elementor-text-editor elementor-clearfix\"><p>Analizar y desarrollar indicadores, estrategias y soluciones de dise\u00f1o y construcci\u00f3n sostenible para la reducci\u00f3n de la pobreza energ\u00e9tica en Iberoam\u00e9rica, mediante la articulaci\u00f3n colaborativa de investigadores e instituciones, con el fin de mejorar el bienestar ambiental, promover el uso de energ\u00eda limpia y segura en el escenario postpandemia, y fortalecer el intercambio y la transferencia de conocimiento y tecnolog\u00edas en la regi\u00f3n.<\/p><\/div>\n\t\t\t\t<\/div>\n\t\t\t\t<\/div>\n\t\t\t\t\t\t<\/div>\n\t\t\t<\/div>\n\t\t<\/div>\n\t\t\t\t\t\t<\/div>\n\t\t\t<\/div>\n\t\t<\/section>\n\t\t\t\t<section class=\"elementor-element elementor-element-4bf068b elementor-section-boxed elementor-section-height-default elementor-section-height-default elementor-section elementor-top-section\" data-id=\"4bf068b\" data-element_type=\"section\">\n\t\t\t\t\t\t<div class=\"elementor-container elementor-column-gap-default\">\n\t\t\t\t<div class=\"elementor-row\">\n\t\t\t\t<div class=\"elementor-element elementor-element-d89ef17 elementor-column elementor-col-100 elementor-top-column\" data-id=\"d89ef17\" data-element_type=\"column\">\n\t\t\t<div class=\"elementor-column-wrap  elementor-element-populated\">\n\t\t\t\t\t<div class=\"elementor-widget-wrap\">\n\t\t\t\t<div class=\"elementor-element elementor-element-a0e0f86 elementor-widget elementor-widget-heading\" data-id=\"a0e0f86\" data-element_type=\"widget\" data-widget_type=\"heading.default\">\n\t\t\t\t<div class=\"elementor-widget-container\">\n\t\t\t<h2 class=\"elementor-heading-title elementor-size-default\">Resumen<\/h2>\t\t<\/div>\n\t\t\t\t<\/div>\n\t\t\t\t<div class=\"elementor-element elementor-element-7bf4fa0 elementor-widget elementor-widget-text-editor\" data-id=\"7bf4fa0\" data-element_type=\"widget\" data-widget_type=\"text-editor.default\">\n\t\t\t\t<div class=\"elementor-widget-container\">\n\t\t\t\t\t<div class=\"elementor-text-editor elementor-clearfix\"><p>\u00a0<\/p>\n<p data-start=\"190\" data-end=\"554\">La red RIPEBA es liderada por la Universidad San Sebasti\u00e1n y est\u00e1 integrada por 24 grupos pertenecientes a 12 pa\u00edses de Iberoam\u00e9rica. Su eje de trabajo se centra en la <strong data-start=\"358\" data-end=\"380\">pobreza energ\u00e9tica<\/strong>, entendida como un concepto multidimensional y complejo, asociado a la incapacidad de satisfacer los requerimientos energ\u00e9ticos o mantener condiciones ambientales adecuadas.<\/p>\n<p data-start=\"556\" data-end=\"1038\">Operacionalizar y cuantificar este concepto ha sido un desaf\u00edo permanente, debido a que depende de condiciones espec\u00edficas de cada contexto y territorio. Durante las \u00faltimas d\u00e9cadas, los pa\u00edses que conforman esta red han impulsado iniciativas para abordar problem\u00e1ticas vinculadas al consumo de energ\u00eda y al cambio clim\u00e1tico desde la perspectiva de la pobreza energ\u00e9tica y el bienestar ambiental. Sin embargo, estos esfuerzos han sido desarrollados de manera individual o bilateral.<\/p>\n<p data-start=\"1040\" data-end=\"1326\">La conformaci\u00f3n de RIPEBA permitir\u00e1 <strong data-start=\"1076\" data-end=\"1116\">articular y unificar estos esfuerzos<\/strong>, fortaleciendo la colaboraci\u00f3n entre investigadores e instituciones de Iberoam\u00e9rica que comparten condiciones clim\u00e1ticas y socioculturales similares, y que pueden, por lo tanto, construir soluciones conjuntas.<\/p>\n<p data-start=\"1328\" data-end=\"1753\">En este marco, RIPEBA tiene como objetivo el <strong data-start=\"1373\" data-end=\"1494\">estudio, evaluaci\u00f3n y generaci\u00f3n de indicadores y estrategias de dise\u00f1o y construcci\u00f3n sostenible para la edificaci\u00f3n<\/strong>, con el prop\u00f3sito de reducir la pobreza energ\u00e9tica en Iberoam\u00e9rica, mejorar el bienestar ambiental, promover el uso de energ\u00eda limpia y segura en un escenario postpandemia, y potenciar el incremento, intercambio y transferencia de conocimiento y tecnolog\u00edas.<\/p><\/div>\n\t\t\t\t<\/div>\n\t\t\t\t<\/div>\n\t\t\t\t\t\t<\/div>\n\t\t\t<\/div>\n\t\t<\/div>\n\t\t\t\t\t\t<\/div>\n\t\t\t<\/div>\n\t\t<\/section>\n\t\t\t\t\t\t<\/div>\n\t\t\t<\/div>\n\t\t<\/div>\n\t\t","protected":false},"excerpt":{"rendered":"<p>T\u00edtulo RIPEBA &#8211; Red iberoamericana de pobreza energ\u00e9tica y bienestar ambiental Investigadores\/as Maureen Trebilcock Jaime Soto Paulina Wegertseder Roberto Arriagada Cristi\u00e1n Mu\u00f1oz Objetivo Analizar y desarrollar indicadores, estrategias y soluciones de dise\u00f1o y construcci\u00f3n sostenible para la reducci\u00f3n de la pobreza energ\u00e9tica en Iberoam\u00e9rica, mediante la articulaci\u00f3n colaborativa de investigadores e instituciones, con el fin [&hellip;]<\/p>\n","protected":false},"author":1,"featured_media":2658,"parent":0,"menu_order":0,"comment_status":"closed","ping_status":"closed","template":"","meta":{"footnotes":""},"class_list":["post-3898","page","type-page","status-publish","has-post-thumbnail","hentry"],"jetpack_sharing_enabled":true,"_links":{"self":[{"href":"http:\/\/cope.ubiobio.cl\/index.php?rest_route=\/wp\/v2\/pages\/3898","targetHints":{"allow":["GET"]}}],"collection":[{"href":"http:\/\/cope.ubiobio.cl\/index.php?rest_route=\/wp\/v2\/pages"}],"about":[{"href":"http:\/\/cope.ubiobio.cl\/index.php?rest_route=\/wp\/v2\/types\/page"}],"author":[{"embeddable":true,"href":"http:\/\/cope.ubiobio.cl\/index.php?rest_route=\/wp\/v2\/users\/1"}],"replies":[{"embeddable":true,"href":"http:\/\/cope.ubiobio.cl\/index.php?rest_route=%2Fwp%2Fv2%2Fcomments&post=3898"}],"version-history":[{"count":5,"href":"http:\/\/cope.ubiobio.cl\/index.php?rest_route=\/wp\/v2\/pages\/3898\/revisions"}],"predecessor-version":[{"id":3910,"href":"http:\/\/cope.ubiobio.cl\/index.php?rest_route=\/wp\/v2\/pages\/3898\/revisions\/3910"}],"wp:featuredmedia":[{"embeddable":true,"href":"http:\/\/cope.ubiobio.cl\/index.php?rest_route=\/wp\/v2\/media\/2658"}],"wp:attachment":[{"href":"http:\/\/cope.ubiobio.cl\/index.php?rest_route=%2Fwp%2Fv2%2Fmedia&parent=3898"}],"curies":[{"name":"wp","href":"https:\/\/api.w.org\/{rel}","templated":true}]}}