{"id":3906,"date":"2025-12-01T01:19:10","date_gmt":"2025-12-01T05:19:10","guid":{"rendered":"http:\/\/cope.ubiobio.cl\/?page_id=3906"},"modified":"2025-12-01T01:32:07","modified_gmt":"2025-12-01T05:32:07","slug":"proyecto-de-cooperacion-internacional-mitigation-adaptation-and-resilience-among-students-towards-a-paradigm-shift-in-home-energy-mars-financiamiento-lincglobal","status":"publish","type":"page","link":"http:\/\/cope.ubiobio.cl\/?page_id=3906","title":{"rendered":"Proyecto de Cooperaci\u00f3n Internacional: Mitigation, Adaptation and Resilience among Students: towards a paradigm shift in home energy (MARS). Financiamiento LINCGLOBAL."},"content":{"rendered":"\t\t<div data-elementor-type=\"wp-page\" data-elementor-id=\"3906\" class=\"elementor elementor-3906\" data-elementor-settings=\"[]\">\n\t\t\t<div class=\"elementor-inner\">\n\t\t\t\t<div class=\"elementor-section-wrap\">\n\t\t\t\t\t\t\t<section class=\"elementor-element elementor-element-54feb1c elementor-section-boxed elementor-section-height-default elementor-section-height-default elementor-section elementor-top-section\" data-id=\"54feb1c\" data-element_type=\"section\">\n\t\t\t\t\t\t<div class=\"elementor-container elementor-column-gap-default\">\n\t\t\t\t<div class=\"elementor-row\">\n\t\t\t\t<div class=\"elementor-element elementor-element-1dd3daf elementor-column elementor-col-25 elementor-top-column\" data-id=\"1dd3daf\" data-element_type=\"column\">\n\t\t\t<div class=\"elementor-column-wrap  elementor-element-populated\">\n\t\t\t\t\t<div class=\"elementor-widget-wrap\">\n\t\t\t\t<div class=\"elementor-element elementor-element-13d2beb elementor-widget elementor-widget-heading\" data-id=\"13d2beb\" data-element_type=\"widget\" data-widget_type=\"heading.default\">\n\t\t\t\t<div class=\"elementor-widget-container\">\n\t\t\t<h2 class=\"elementor-heading-title elementor-size-default\">T\u00ed<b>tul<\/b>o<\/h2>\t\t<\/div>\n\t\t\t\t<\/div>\n\t\t\t\t<div class=\"elementor-element elementor-element-c22b3ee elementor-widget elementor-widget-text-editor\" data-id=\"c22b3ee\" data-element_type=\"widget\" data-widget_type=\"text-editor.default\">\n\t\t\t\t<div class=\"elementor-widget-container\">\n\t\t\t\t\t<div class=\"elementor-text-editor elementor-clearfix\"><p><span class=\"selectable-text copyable-text xkrh14z\"><strong>Mitigation,<\/strong> <strong>Adaptation and Resilience among Students:<\/strong> towards a paradigm shift in home energy (MARS).<\/span><\/p><\/div>\n\t\t\t\t<\/div>\n\t\t\t\t<\/div>\n\t\t\t\t\t\t<\/div>\n\t\t\t<\/div>\n\t\t<\/div>\n\t\t\t\t<div class=\"elementor-element elementor-element-832cd82 elementor-column elementor-col-25 elementor-top-column\" data-id=\"832cd82\" data-element_type=\"column\">\n\t\t\t<div class=\"elementor-column-wrap  elementor-element-populated\">\n\t\t\t\t\t<div class=\"elementor-widget-wrap\">\n\t\t\t\t<div class=\"elementor-element elementor-element-0f68c01 elementor-widget elementor-widget-heading\" data-id=\"0f68c01\" data-element_type=\"widget\" data-widget_type=\"heading.default\">\n\t\t\t\t<div class=\"elementor-widget-container\">\n\t\t\t<h2 class=\"elementor-heading-title elementor-size-default\">Investigadores\/as<\/h2>\t\t<\/div>\n\t\t\t\t<\/div>\n\t\t\t\t<div class=\"elementor-element elementor-element-f90976e elementor-icon-list--layout-traditional elementor-widget elementor-widget-icon-list\" data-id=\"f90976e\" data-element_type=\"widget\" data-widget_type=\"icon-list.default\">\n\t\t\t\t<div class=\"elementor-widget-container\">\n\t\t\t\t\t<ul class=\"elementor-icon-list-items\">\n\t\t\t\t\t\t\t<li class=\"elementor-icon-list-item\" >\n\t\t\t\t\t\t\t\t\t\t\t<span class=\"elementor-icon-list-icon\">\n\t\t\t\t\t\t\t<i aria-hidden=\"true\" class=\"fas fa-chevron-circle-right\"><\/i>\t\t\t\t\t\t<\/span>\n\t\t\t\t\t\t\t\t\t\t<span class=\"elementor-icon-list-text\">Maureen Trebilcock <\/span>\n\t\t\t\t\t\t\t\t\t<\/li>\n\t\t\t\t\t\t\t\t<li class=\"elementor-icon-list-item\" >\n\t\t\t\t\t\t\t\t\t\t\t<span class=\"elementor-icon-list-icon\">\n\t\t\t\t\t\t\t<i aria-hidden=\"true\" class=\"fas fa-chevron-circle-right\"><\/i>\t\t\t\t\t\t<\/span>\n\t\t\t\t\t\t\t\t\t\t<span class=\"elementor-icon-list-text\">Jaime Soto<\/span>\n\t\t\t\t\t\t\t\t\t<\/li>\n\t\t\t\t\t\t\t\t<li class=\"elementor-icon-list-item\" >\n\t\t\t\t\t\t\t\t\t\t\t<span class=\"elementor-icon-list-icon\">\n\t\t\t\t\t\t\t<i aria-hidden=\"true\" class=\"fas fa-chevron-circle-right\"><\/i>\t\t\t\t\t\t<\/span>\n\t\t\t\t\t\t\t\t\t\t<span class=\"elementor-icon-list-text\">Nelson Arias<\/span>\n\t\t\t\t\t\t\t\t\t<\/li>\n\t\t\t\t\t\t<\/ul>\n\t\t\t\t<\/div>\n\t\t\t\t<\/div>\n\t\t\t\t\t\t<\/div>\n\t\t\t<\/div>\n\t\t<\/div>\n\t\t\t\t<div class=\"elementor-element elementor-element-c0ae3e6 elementor-column elementor-col-50 elementor-top-column\" data-id=\"c0ae3e6\" data-element_type=\"column\">\n\t\t\t<div class=\"elementor-column-wrap  elementor-element-populated\">\n\t\t\t\t\t<div class=\"elementor-widget-wrap\">\n\t\t\t\t<div class=\"elementor-element elementor-element-cdde11e elementor-widget elementor-widget-heading\" data-id=\"cdde11e\" data-element_type=\"widget\" data-widget_type=\"heading.default\">\n\t\t\t\t<div class=\"elementor-widget-container\">\n\t\t\t<h2 class=\"elementor-heading-title elementor-size-default\">Objetivo<\/h2>\t\t<\/div>\n\t\t\t\t<\/div>\n\t\t\t\t<div class=\"elementor-element elementor-element-5a60dea elementor-widget elementor-widget-text-editor\" data-id=\"5a60dea\" data-element_type=\"widget\" data-widget_type=\"text-editor.default\">\n\t\t\t\t<div class=\"elementor-widget-container\">\n\t\t\t\t\t<div class=\"elementor-text-editor elementor-clearfix\"><p>Evaluar y fortalecer las capacidades de j\u00f3venes estudiantes en mitigaci\u00f3n y adaptaci\u00f3n al cambio clim\u00e1tico urbano y uso eficiente de la energ\u00eda, mediante metodolog\u00edas mixtas, acciones formativas y programas de capacitaci\u00f3n para educadores.<\/p><\/div>\n\t\t\t\t<\/div>\n\t\t\t\t<\/div>\n\t\t\t\t\t\t<\/div>\n\t\t\t<\/div>\n\t\t<\/div>\n\t\t\t\t\t\t<\/div>\n\t\t\t<\/div>\n\t\t<\/section>\n\t\t\t\t<section class=\"elementor-element elementor-element-51cdd55 elementor-section-boxed elementor-section-height-default elementor-section-height-default elementor-section elementor-top-section\" data-id=\"51cdd55\" data-element_type=\"section\">\n\t\t\t\t\t\t<div class=\"elementor-container elementor-column-gap-default\">\n\t\t\t\t<div class=\"elementor-row\">\n\t\t\t\t<div class=\"elementor-element elementor-element-781536b elementor-column elementor-col-100 elementor-top-column\" data-id=\"781536b\" data-element_type=\"column\">\n\t\t\t<div class=\"elementor-column-wrap  elementor-element-populated\">\n\t\t\t\t\t<div class=\"elementor-widget-wrap\">\n\t\t\t\t<div class=\"elementor-element elementor-element-b555793 elementor-widget elementor-widget-heading\" data-id=\"b555793\" data-element_type=\"widget\" data-widget_type=\"heading.default\">\n\t\t\t\t<div class=\"elementor-widget-container\">\n\t\t\t<h2 class=\"elementor-heading-title elementor-size-default\">Resumen<\/h2>\t\t<\/div>\n\t\t\t\t<\/div>\n\t\t\t\t<div class=\"elementor-element elementor-element-aa4acac elementor-widget elementor-widget-text-editor\" data-id=\"aa4acac\" data-element_type=\"widget\" data-widget_type=\"text-editor.default\">\n\t\t\t\t<div class=\"elementor-widget-container\">\n\t\t\t\t\t<div class=\"elementor-text-editor elementor-clearfix\"><p data-start=\"182\" data-end=\"351\">\u00a0<\/p><p data-start=\"182\" data-end=\"351\">Esta red es liderada por el Instituto Torroja de Ciencias de la Construcci\u00f3n de Espa\u00f1a y est\u00e1 conformada por 18 instituciones pertenecientes a 10 pa\u00edses de Iberoam\u00e9rica.<\/p><p data-start=\"353\" data-end=\"558\">El objetivo general del proyecto es <strong data-start=\"389\" data-end=\"450\">evaluar y promover la capacitaci\u00f3n de j\u00f3venes estudiantes<\/strong> en temas de mitigaci\u00f3n y adaptaci\u00f3n al cambio clim\u00e1tico urbano, as\u00ed como en el uso eficiente de la energ\u00eda.<\/p><p data-start=\"560\" data-end=\"1074\">La metodolog\u00eda del proyecto se basa en un <strong data-start=\"602\" data-end=\"631\">m\u00e9todo mixto exploratorio<\/strong>, orientado a la recogida y an\u00e1lisis de datos. Adem\u00e1s, se implementan <strong data-start=\"701\" data-end=\"742\">medidas de concienciaci\u00f3n y formaci\u00f3n<\/strong>, tales como talleres y clases magistrales. Estas acciones se complementan con estrategias de <em data-start=\"836\" data-end=\"855\">capacity building<\/em> dirigidas a educadores que influyen en las generaciones futuras, con el fin de preparar a futuros dise\u00f1adores, arquitectos, urbanistas y legisladores en materias de calidad ambiental interior (IEQ) y energ\u00eda dom\u00e9stica.<\/p><\/div>\n\t\t\t\t<\/div>\n\t\t\t\t<\/div>\n\t\t\t\t\t\t<\/div>\n\t\t\t<\/div>\n\t\t<\/div>\n\t\t\t\t\t\t<\/div>\n\t\t\t<\/div>\n\t\t<\/section>\n\t\t\t\t\t\t<\/div>\n\t\t\t<\/div>\n\t\t<\/div>\n\t\t","protected":false},"excerpt":{"rendered":"<p>T\u00edtulo Mitigation, Adaptation and Resilience among Students: towards a paradigm shift in home energy (MARS). Investigadores\/as Maureen Trebilcock Jaime Soto Nelson Arias Objetivo Evaluar y fortalecer las capacidades de j\u00f3venes estudiantes en mitigaci\u00f3n y adaptaci\u00f3n al cambio clim\u00e1tico urbano y uso eficiente de la energ\u00eda, mediante metodolog\u00edas mixtas, acciones formativas y programas de capacitaci\u00f3n para [&hellip;]<\/p>\n","protected":false},"author":1,"featured_media":2658,"parent":0,"menu_order":0,"comment_status":"closed","ping_status":"closed","template":"","meta":{"footnotes":""},"class_list":["post-3906","page","type-page","status-publish","has-post-thumbnail","hentry"],"jetpack_sharing_enabled":true,"_links":{"self":[{"href":"http:\/\/cope.ubiobio.cl\/index.php?rest_route=\/wp\/v2\/pages\/3906","targetHints":{"allow":["GET"]}}],"collection":[{"href":"http:\/\/cope.ubiobio.cl\/index.php?rest_route=\/wp\/v2\/pages"}],"about":[{"href":"http:\/\/cope.ubiobio.cl\/index.php?rest_route=\/wp\/v2\/types\/page"}],"author":[{"embeddable":true,"href":"http:\/\/cope.ubiobio.cl\/index.php?rest_route=\/wp\/v2\/users\/1"}],"replies":[{"embeddable":true,"href":"http:\/\/cope.ubiobio.cl\/index.php?rest_route=%2Fwp%2Fv2%2Fcomments&post=3906"}],"version-history":[{"count":3,"href":"http:\/\/cope.ubiobio.cl\/index.php?rest_route=\/wp\/v2\/pages\/3906\/revisions"}],"predecessor-version":[{"id":3912,"href":"http:\/\/cope.ubiobio.cl\/index.php?rest_route=\/wp\/v2\/pages\/3906\/revisions\/3912"}],"wp:featuredmedia":[{"embeddable":true,"href":"http:\/\/cope.ubiobio.cl\/index.php?rest_route=\/wp\/v2\/media\/2658"}],"wp:attachment":[{"href":"http:\/\/cope.ubiobio.cl\/index.php?rest_route=%2Fwp%2Fv2%2Fmedia&parent=3906"}],"curies":[{"name":"wp","href":"https:\/\/api.w.org\/{rel}","templated":true}]}}