{"id":459,"date":"2017-08-07T07:24:37","date_gmt":"2017-08-07T07:24:37","guid":{"rendered":"http:\/\/rushmore.wpcolorlab.com\/?page_id=459"},"modified":"2025-11-30T21:10:27","modified_gmt":"2025-12-01T01:10:27","slug":"books","status":"publish","type":"page","link":"http:\/\/cope.ubiobio.cl\/?page_id=459","title":{"rendered":"Tesis guiadas"},"content":{"rendered":"\t\t<div data-elementor-type=\"wp-post\" data-elementor-id=\"459\" class=\"elementor elementor-459\" data-elementor-settings=\"[]\">\n\t\t\t<div class=\"elementor-inner\">\n\t\t\t\t<div class=\"elementor-section-wrap\">\n\t\t\t\t\t\t\t<section class=\"elementor-element elementor-element-c1b2ac4 elementor-section-boxed elementor-section-height-default elementor-section-height-default elementor-section elementor-top-section\" data-id=\"c1b2ac4\" data-element_type=\"section\">\n\t\t\t\t\t\t<div class=\"elementor-container elementor-column-gap-default\">\n\t\t\t\t<div class=\"elementor-row\">\n\t\t\t\t<div class=\"elementor-element elementor-element-be0fcbb elementor-column elementor-col-100 elementor-top-column\" data-id=\"be0fcbb\" data-element_type=\"column\">\n\t\t\t<div class=\"elementor-column-wrap  elementor-element-populated\">\n\t\t\t\t\t<div class=\"elementor-widget-wrap\">\n\t\t\t\t<div class=\"elementor-element elementor-element-5c5d284 elementor-widget elementor-widget-heading\" data-id=\"5c5d284\" data-element_type=\"widget\" data-widget_type=\"heading.default\">\n\t\t\t\t<div class=\"elementor-widget-container\">\n\t\t\t<h2 class=\"elementor-heading-title elementor-size-default\">Tesis de doctorado<\/h2>\t\t<\/div>\n\t\t\t\t<\/div>\n\t\t\t\t\t\t<\/div>\n\t\t\t<\/div>\n\t\t<\/div>\n\t\t\t\t\t\t<\/div>\n\t\t\t<\/div>\n\t\t<\/section>\n\t\t\t\t<section class=\"elementor-element elementor-element-8408f0f elementor-section-boxed elementor-section-height-default elementor-section-height-default elementor-section elementor-top-section\" data-id=\"8408f0f\" data-element_type=\"section\">\n\t\t\t\t\t\t<div class=\"elementor-container elementor-column-gap-default\">\n\t\t\t\t<div class=\"elementor-row\">\n\t\t\t\t<div class=\"elementor-element elementor-element-b3f4e68 elementor-column elementor-col-33 elementor-top-column\" data-id=\"b3f4e68\" data-element_type=\"column\">\n\t\t\t<div class=\"elementor-column-wrap  elementor-element-populated\">\n\t\t\t\t\t<div class=\"elementor-widget-wrap\">\n\t\t\t\t<div class=\"elementor-element elementor-element-689f36d elementor-widget elementor-widget-text-editor\" data-id=\"689f36d\" data-element_type=\"widget\" data-widget_type=\"text-editor.default\">\n\t\t\t\t<div class=\"elementor-widget-container\">\n\t\t\t\t\t<div class=\"elementor-text-editor elementor-clearfix\"><h4>Relaci\u00f3n entre factores espaciales y humanos con la realizaci\u00f3n de acciones en espacios de oficinas<\/h4><p><strong>Autor: <\/strong><a href=\"https:\/\/www.researchgate.net\/profile\/Laura_Marin_Restrepo\">Laura Mar\u00edn Restrepo<\/a><\/p><p><strong>Directora:<\/strong> Maureen Trebilcock<br \/><strong>Codirectora:<\/strong> Paulina Wegertseder<\/p><p><span lang=\"ES-CL\"><strong>A\u00f1o:<\/strong> 2020<\/span><\/p><hr \/><\/div>\n\t\t\t\t<\/div>\n\t\t\t\t<\/div>\n\t\t\t\t\t\t<\/div>\n\t\t\t<\/div>\n\t\t<\/div>\n\t\t\t\t<div class=\"elementor-element elementor-element-a615e92 elementor-column elementor-col-33 elementor-top-column\" data-id=\"a615e92\" data-element_type=\"column\">\n\t\t\t<div class=\"elementor-column-wrap  elementor-element-populated\">\n\t\t\t\t\t<div class=\"elementor-widget-wrap\">\n\t\t\t\t<div class=\"elementor-element elementor-element-a18946d elementor-widget elementor-widget-text-editor\" data-id=\"a18946d\" data-element_type=\"widget\" data-widget_type=\"text-editor.default\">\n\t\t\t\t<div class=\"elementor-widget-container\">\n\t\t\t\t\t<div class=\"elementor-text-editor elementor-clearfix\"><p><a href=\"http:\/\/cope.ubiobio.cl\/wp-content\/uploads\/2020\/03\/20181120-JAPS-Manuscrito-tesis-SPDF.pdf\"><strong>Thermal Environment Effects on Cognitive Performance in Elementary School in Warm-Humid Climates and Its Implications for Educational Architecture.<\/strong><\/a><\/p><p><strong>Autor: <\/strong><a href=\"https:\/\/www.researchgate.net\/profile\/Jose_Porras-Salazar\">Jos\u00e9 Al\u00ed Porras Salazar<\/a><\/p><p><strong>Directora:<\/strong> Beatriz Piderit Moreno<br \/><strong>Codirector:<\/strong> Jes\u00fas Pulido Arcas<\/p><p><span lang=\"ES-CL\"><strong>A\u00f1o:<\/strong> 2019<\/span><\/p><hr \/><\/div>\n\t\t\t\t<\/div>\n\t\t\t\t<\/div>\n\t\t\t\t\t\t<\/div>\n\t\t\t<\/div>\n\t\t<\/div>\n\t\t\t\t<div class=\"elementor-element elementor-element-577aa0b elementor-column elementor-col-33 elementor-top-column\" data-id=\"577aa0b\" data-element_type=\"column\">\n\t\t\t<div class=\"elementor-column-wrap  elementor-element-populated\">\n\t\t\t\t\t<div class=\"elementor-widget-wrap\">\n\t\t\t\t<div class=\"elementor-element elementor-element-edbb608 elementor-widget elementor-widget-text-editor\" data-id=\"edbb608\" data-element_type=\"widget\" data-widget_type=\"text-editor.default\">\n\t\t\t\t<div class=\"elementor-widget-container\">\n\t\t\t\t\t<div class=\"elementor-text-editor elementor-clearfix\"><h4>Metodologi\u0301a<strong> para la simulacio\u0301n del comportamiento te\u0301rmico de edificios pasivos en modalidad de oscilacio\u0301n libre: aplicacio\u0301n en casos de edificios educacionales en clima templado<\/strong><\/h4><p><strong>Autor: <\/strong><a href=\"https:\/\/www.researchgate.net\/profile\/Rodrigo_Figueroa6\">Rodrigo Figueroa San Mart\u00edn<\/a><\/p><p><strong>Directora:<\/strong> Maureen Trebilcock\u00a0 \u00a0 \u00a0 \u00a0 \u00a0 \u00a0 \u00a0 \u00a0 \u00a0 \u00a0 \u00a0 \u00a0 \u00a0 \u00a0 \u00a0 \u00a0 \u00a0 \u00a0 \u00a0 \u00a0 \u00a0 \u00a0 \u00a0 \u00a0 \u00a0 \u00a0 \u00a0 \u00a0\u00a0<\/p><p><span lang=\"ES-CL\"><strong>A\u00f1o:<\/strong> 2018<\/span><\/p><hr \/><\/div>\n\t\t\t\t<\/div>\n\t\t\t\t<\/div>\n\t\t\t\t\t\t<\/div>\n\t\t\t<\/div>\n\t\t<\/div>\n\t\t\t\t\t\t<\/div>\n\t\t\t<\/div>\n\t\t<\/section>\n\t\t\t\t<section class=\"elementor-element elementor-element-1545efb elementor-section-boxed elementor-section-height-default elementor-section-height-default elementor-section elementor-top-section\" data-id=\"1545efb\" data-element_type=\"section\">\n\t\t\t\t\t\t<div class=\"elementor-container elementor-column-gap-default\">\n\t\t\t\t<div class=\"elementor-row\">\n\t\t\t\t<div class=\"elementor-element elementor-element-84ee1ef elementor-column elementor-col-33 elementor-top-column\" data-id=\"84ee1ef\" data-element_type=\"column\">\n\t\t\t<div class=\"elementor-column-wrap  elementor-element-populated\">\n\t\t\t\t\t<div class=\"elementor-widget-wrap\">\n\t\t\t\t<div class=\"elementor-element elementor-element-6dca06b elementor-widget elementor-widget-text-editor\" data-id=\"6dca06b\" data-element_type=\"widget\" data-widget_type=\"text-editor.default\">\n\t\t\t\t<div class=\"elementor-widget-container\">\n\t\t\t\t\t<div class=\"elementor-text-editor elementor-clearfix\"><h4>Par\u00e1metros de dise\u00f1o para el confort ac\u00fastico en ambientes de aprendizaje flexibles de edificios escolares<\/h4><p><strong>Autor: <\/strong><a href=\"https:\/\/www.researchgate.net\/profile\/Constanza-Ipinza\"><span style=\"color: #99cc00;\">Constanza Ipinza Olatte<\/span><\/a><\/p><p><strong>Directora:<\/strong> Maureen Trebilcock<\/p><p><strong>Codirectora:<\/strong> Beatriz Piderit<\/p><p><strong>A\u00f1o:<\/strong> 2025<\/p><\/div>\n\t\t\t\t<\/div>\n\t\t\t\t<\/div>\n\t\t\t\t\t\t<\/div>\n\t\t\t<\/div>\n\t\t<\/div>\n\t\t\t\t<div class=\"elementor-element elementor-element-ff4fccd elementor-column elementor-col-33 elementor-top-column\" data-id=\"ff4fccd\" data-element_type=\"column\">\n\t\t\t<div class=\"elementor-column-wrap  elementor-element-populated\">\n\t\t\t\t\t<div class=\"elementor-widget-wrap\">\n\t\t\t\t<div class=\"elementor-element elementor-element-a67884d elementor-widget elementor-widget-text-editor\" data-id=\"a67884d\" data-element_type=\"widget\" data-widget_type=\"text-editor.default\">\n\t\t\t\t<div class=\"elementor-widget-container\">\n\t\t\t\t\t<div class=\"elementor-text-editor elementor-clearfix\"><p>Investigaci\u00f3n inclusiva y confort t\u00e9rmico: \u00a0Uso de sistemas personales de confort en viviendas con adultos con discapacidad intelectual en Chile<\/p><p><strong>autor: <a href=\"https:\/\/www.researchgate.net\/profile\/Katherine-Exss\">Katherine Exss Cid<\/a><\/strong><\/p><p><strong>Directora:<\/strong> Maureen Trebilcock<\/p><p><strong>Codirectora:<\/strong> Paulina Wegertsder<\/p><p><strong>A\u00f1o:<\/strong> 2025<\/p><\/div>\n\t\t\t\t<\/div>\n\t\t\t\t<\/div>\n\t\t\t\t\t\t<\/div>\n\t\t\t<\/div>\n\t\t<\/div>\n\t\t\t\t<div class=\"elementor-element elementor-element-27c2b0b elementor-column elementor-col-33 elementor-top-column\" data-id=\"27c2b0b\" data-element_type=\"column\">\n\t\t\t<div class=\"elementor-column-wrap\">\n\t\t\t\t\t<div class=\"elementor-widget-wrap\">\n\t\t\t\t\t\t<\/div>\n\t\t\t<\/div>\n\t\t<\/div>\n\t\t\t\t\t\t<\/div>\n\t\t\t<\/div>\n\t\t<\/section>\n\t\t\t\t<section class=\"elementor-element elementor-element-5aa14b3 elementor-section-boxed elementor-section-height-default elementor-section-height-default elementor-section elementor-top-section\" data-id=\"5aa14b3\" data-element_type=\"section\">\n\t\t\t\t\t\t<div class=\"elementor-container elementor-column-gap-default\">\n\t\t\t\t<div class=\"elementor-row\">\n\t\t\t\t<div class=\"elementor-element elementor-element-80dabd6 elementor-column elementor-col-100 elementor-top-column\" data-id=\"80dabd6\" data-element_type=\"column\">\n\t\t\t<div class=\"elementor-column-wrap  elementor-element-populated\">\n\t\t\t\t\t<div class=\"elementor-widget-wrap\">\n\t\t\t\t<div class=\"elementor-element elementor-element-7d75214 elementor-widget elementor-widget-heading\" data-id=\"7d75214\" data-element_type=\"widget\" data-widget_type=\"heading.default\">\n\t\t\t\t<div class=\"elementor-widget-container\">\n\t\t\t<h2 class=\"elementor-heading-title elementor-size-default\">Tesis de mag\u00edster<\/h2>\t\t<\/div>\n\t\t\t\t<\/div>\n\t\t\t\t\t\t<\/div>\n\t\t\t<\/div>\n\t\t<\/div>\n\t\t\t\t\t\t<\/div>\n\t\t\t<\/div>\n\t\t<\/section>\n\t\t\t\t<section class=\"elementor-element elementor-element-be36ab3 elementor-section-boxed elementor-section-height-default elementor-section-height-default elementor-section elementor-top-section\" data-id=\"be36ab3\" data-element_type=\"section\">\n\t\t\t\t\t\t<div class=\"elementor-container elementor-column-gap-default\">\n\t\t\t\t<div class=\"elementor-row\">\n\t\t\t\t<div class=\"elementor-element elementor-element-71f7177 elementor-column elementor-col-33 elementor-top-column\" data-id=\"71f7177\" data-element_type=\"column\">\n\t\t\t<div class=\"elementor-column-wrap  elementor-element-populated\">\n\t\t\t\t\t<div class=\"elementor-widget-wrap\">\n\t\t\t\t<div class=\"elementor-element elementor-element-981912a elementor-widget elementor-widget-text-editor\" data-id=\"981912a\" data-element_type=\"widget\" data-widget_type=\"text-editor.default\">\n\t\t\t\t<div class=\"elementor-widget-container\">\n\t\t\t\t\t<div class=\"elementor-text-editor elementor-clearfix\"><p><strong><a href=\"http:\/\/cope.ubiobio.cl\/wp-content\/uploads\/2020\/03\/Tesis-MHSEE_RA_Final_25Jun.pdf\">Evaluaci\u00f3n del riesgo potencial de pobreza energ\u00e9tica en vivienda social en las ciudades de Concepci\u00f3n, Santiago y Valpara\u00edso aplicando el indicador FPPRI.<\/a>\u00a0<\/strong><\/p><p><strong>Autor: <\/strong>Ra\u00fal Alvarado Amador<\/p><p><strong>Gu\u00eda:<\/strong> Alexis P\u00e9rez Fargallo\u00a0 \u00a0 \u00a0 \u00a0 \u00a0 \u00a0 \u00a0 \u00a0 \u00a0 \u00a0 \u00a0 \u00a0 \u00a0 \u00a0 \u00a0 \u00a0 \u00a0 \u00a0 \u00a0 \u00a0 \u00a0 \u00a0 \u00a0 \u00a0 \u00a0 \u00a0 \u00a0 \u00a0 \u00a0 \u00a0<\/p><p><span lang=\"ES-CL\"><strong>A\u00f1o:<\/strong> 2019<\/span><\/p><\/div>\n\t\t\t\t<\/div>\n\t\t\t\t<\/div>\n\t\t\t\t\t\t<\/div>\n\t\t\t<\/div>\n\t\t<\/div>\n\t\t\t\t<div class=\"elementor-element elementor-element-fa17566 elementor-column elementor-col-33 elementor-top-column\" data-id=\"fa17566\" data-element_type=\"column\">\n\t\t\t<div class=\"elementor-column-wrap  elementor-element-populated\">\n\t\t\t\t\t<div class=\"elementor-widget-wrap\">\n\t\t\t\t<div class=\"elementor-element elementor-element-c0ca2ec elementor-widget elementor-widget-text-editor\" data-id=\"c0ca2ec\" data-element_type=\"widget\" data-widget_type=\"text-editor.default\">\n\t\t\t\t<div class=\"elementor-widget-container\">\n\t\t\t\t\t<div class=\"elementor-text-editor elementor-clearfix\"><p><a href=\"http:\/\/cope.ubiobio.cl\/wp-content\/uploads\/2020\/03\/Informe-Tesis_Manuel-Inostroza.pdf\"><strong>Est\u00e1ndares de aislaci\u00f3n t\u00e9rmica bajo criterios de rentabilidad social y an\u00e1lisis de costo de ciclo de vida de la construcci\u00f3n habitacional: propuesta para la ciudad de Concepci\u00f3n, Chile<\/strong><\/a><\/p><p><strong>Autor: <\/strong>Manuel Inostroza Pinares<\/p><p><strong>Gu\u00eda:<\/strong> Ariel Bobadilla Moreno<br \/><strong>Cogu\u00eda:<\/strong> Alexis P\u00e9rez Fargallo<\/p><p><span lang=\"ES-CL\"><strong>A\u00f1o:<\/strong> 2018<\/span><\/p><\/div>\n\t\t\t\t<\/div>\n\t\t\t\t<\/div>\n\t\t\t\t\t\t<\/div>\n\t\t\t<\/div>\n\t\t<\/div>\n\t\t\t\t<div class=\"elementor-element elementor-element-1abaad2 elementor-column elementor-col-33 elementor-top-column\" data-id=\"1abaad2\" data-element_type=\"column\">\n\t\t\t<div class=\"elementor-column-wrap  elementor-element-populated\">\n\t\t\t\t\t<div class=\"elementor-widget-wrap\">\n\t\t\t\t<div class=\"elementor-element elementor-element-ed7aeee elementor-widget elementor-widget-text-editor\" data-id=\"ed7aeee\" data-element_type=\"widget\" data-widget_type=\"text-editor.default\">\n\t\t\t\t<div class=\"elementor-widget-container\">\n\t\t\t\t\t<div class=\"elementor-text-editor elementor-clearfix\"><p><strong><a href=\"http:\/\/cope.ubiobio.cl\/wp-content\/uploads\/2020\/03\/Alvaro-Frias.pdf\">Sensores de c\u00f3digo abierto como una alternativa de bajo costo para la evaluaci\u00f3n del confort t\u00e9rmico en edificios.<\/a>\u00a0 \u00a0 \u00a0 \u00a0 \u00a0 \u00a0 \u00a0 \u00a0 \u00a0 \u00a0 \u00a0 \u00a0 \u00a0 \u00a0 \u00a0 \u00a0 \u00a0 \u00a0 \u00a0 \u00a0 \u00a0 \u00a0 \u00a0 \u00a0 \u00a0 \u00a0 \u00a0 \u00a0 \u00a0\u00a0<\/strong><\/p><p><strong>Autor: <\/strong>\u00c1lvaro Fr\u00edas Meneses<\/p><p><strong>Gu\u00eda:<\/strong> Alexis P\u00e9rez Fargallo<br \/><strong>Cogu\u00eda:<\/strong> Muriel D\u00edaz<\/p><p><span lang=\"ES-CL\"><strong>A\u00f1o:<\/strong> 2018<\/span><\/p><\/div>\n\t\t\t\t<\/div>\n\t\t\t\t<\/div>\n\t\t\t\t\t\t<\/div>\n\t\t\t<\/div>\n\t\t<\/div>\n\t\t\t\t\t\t<\/div>\n\t\t\t<\/div>\n\t\t<\/section>\n\t\t\t\t\t\t<\/div>\n\t\t\t<\/div>\n\t\t<\/div>\n\t\t","protected":false},"excerpt":{"rendered":"<p>Tesis de doctorado Relaci\u00f3n entre factores espaciales y humanos con la realizaci\u00f3n de acciones en espacios de oficinas Autor: Laura Mar\u00edn Restrepo Directora: Maureen TrebilcockCodirectora: Paulina Wegertseder A\u00f1o: 2020 Thermal Environment Effects on Cognitive Performance in Elementary School in Warm-Humid Climates and Its Implications for Educational Architecture. Autor: Jos\u00e9 Al\u00ed Porras Salazar Directora: Beatriz Piderit [&hellip;]<\/p>\n","protected":false},"author":1,"featured_media":2660,"parent":0,"menu_order":0,"comment_status":"closed","ping_status":"closed","template":"","meta":{"footnotes":""},"class_list":["post-459","page","type-page","status-publish","has-post-thumbnail","hentry"],"jetpack_sharing_enabled":true,"_links":{"self":[{"href":"http:\/\/cope.ubiobio.cl\/index.php?rest_route=\/wp\/v2\/pages\/459","targetHints":{"allow":["GET"]}}],"collection":[{"href":"http:\/\/cope.ubiobio.cl\/index.php?rest_route=\/wp\/v2\/pages"}],"about":[{"href":"http:\/\/cope.ubiobio.cl\/index.php?rest_route=\/wp\/v2\/types\/page"}],"author":[{"embeddable":true,"href":"http:\/\/cope.ubiobio.cl\/index.php?rest_route=\/wp\/v2\/users\/1"}],"replies":[{"embeddable":true,"href":"http:\/\/cope.ubiobio.cl\/index.php?rest_route=%2Fwp%2Fv2%2Fcomments&post=459"}],"version-history":[{"count":24,"href":"http:\/\/cope.ubiobio.cl\/index.php?rest_route=\/wp\/v2\/pages\/459\/revisions"}],"predecessor-version":[{"id":3873,"href":"http:\/\/cope.ubiobio.cl\/index.php?rest_route=\/wp\/v2\/pages\/459\/revisions\/3873"}],"wp:featuredmedia":[{"embeddable":true,"href":"http:\/\/cope.ubiobio.cl\/index.php?rest_route=\/wp\/v2\/media\/2660"}],"wp:attachment":[{"href":"http:\/\/cope.ubiobio.cl\/index.php?rest_route=%2Fwp%2Fv2%2Fmedia&parent=459"}],"curies":[{"name":"wp","href":"https:\/\/api.w.org\/{rel}","templated":true}]}}