{"id":523,"date":"2017-08-09T05:05:15","date_gmt":"2017-08-09T05:05:15","guid":{"rendered":"http:\/\/rushmore.wpcolorlab.com\/?page_id=523"},"modified":"2025-11-30T22:32:51","modified_gmt":"2025-12-01T02:32:51","slug":"future-member","status":"publish","type":"page","link":"http:\/\/cope.ubiobio.cl\/?page_id=523","title":{"rendered":"Cont\u00e1ctanos"},"content":{"rendered":"\t\t<div data-elementor-type=\"wp-post\" data-elementor-id=\"523\" class=\"elementor elementor-523\" data-elementor-settings=\"[]\">\n\t\t\t<div class=\"elementor-inner\">\n\t\t\t\t<div class=\"elementor-section-wrap\">\n\t\t\t\t\t\t\t<section class=\"elementor-element elementor-element-0ad23fe elementor-section-boxed elementor-section-height-default elementor-section-height-default elementor-section elementor-top-section\" data-id=\"0ad23fe\" data-element_type=\"section\">\n\t\t\t\t\t\t<div class=\"elementor-container elementor-column-gap-default\">\n\t\t\t\t<div class=\"elementor-row\">\n\t\t\t\t<div class=\"elementor-element elementor-element-b843016 elementor-column elementor-col-50 elementor-top-column\" data-id=\"b843016\" data-element_type=\"column\">\n\t\t\t<div class=\"elementor-column-wrap  elementor-element-populated\">\n\t\t\t\t\t<div class=\"elementor-widget-wrap\">\n\t\t\t\t<div class=\"elementor-element elementor-element-b403ae8 elementor-widget elementor-widget-text-editor\" data-id=\"b403ae8\" data-element_type=\"widget\" data-widget_type=\"text-editor.default\">\n\t\t\t\t<div class=\"elementor-widget-container\">\n\t\t\t\t\t<div class=\"elementor-text-editor elementor-clearfix\"><p>Actualmente los miembros del grupo trabajan en varios proyectos relacionados con el confort ambiental y la pobreza energ\u00e9tica. Los investigadores posdoctorales, investigadores de postgrado (doctorado y magister), y estudiantes de pregrado tanto nacionales como internacionales son bienvenidos a unirse a nuestro grupo de forma permanente o mediante estancias de investigaci\u00f3n.<\/p><\/div>\n\t\t\t\t<\/div>\n\t\t\t\t<\/div>\n\t\t\t\t<div class=\"elementor-element elementor-element-25f671a elementor-widget elementor-widget-image\" data-id=\"25f671a\" data-element_type=\"widget\" data-widget_type=\"image.default\">\n\t\t\t\t<div class=\"elementor-widget-container\">\n\t\t\t\t\t<div class=\"elementor-image\">\n\t\t\t\t\t\t\t\t\t\t<img loading=\"lazy\" decoding=\"async\" width=\"1024\" height=\"518\" src=\"http:\/\/cope.ubiobio.cl\/wp-content\/uploads\/2020\/03\/DSC_0782-2-1024x518-1.jpg\" class=\"attachment-full size-full\" alt=\"\" srcset=\"http:\/\/cope.ubiobio.cl\/wp-content\/uploads\/2020\/03\/DSC_0782-2-1024x518-1.jpg 1024w, http:\/\/cope.ubiobio.cl\/wp-content\/uploads\/2020\/03\/DSC_0782-2-1024x518-1-300x152.jpg 300w, http:\/\/cope.ubiobio.cl\/wp-content\/uploads\/2020\/03\/DSC_0782-2-1024x518-1-768x389.jpg 768w\" sizes=\"auto, (max-width: 1024px) 100vw, 1024px\" \/>\t\t\t\t\t\t\t\t\t\t\t<\/div>\n\t\t\t\t<\/div>\n\t\t\t\t<\/div>\n\t\t\t\t<div class=\"elementor-element elementor-element-d81bdf5 elementor-widget elementor-widget-heading\" data-id=\"d81bdf5\" data-element_type=\"widget\" data-widget_type=\"heading.default\">\n\t\t\t\t<div class=\"elementor-widget-container\">\n\t\t\t<h2 class=\"elementor-heading-title elementor-size-default\">Mag\u00edster en H\u00e1bitat Sustentable y Eficiencia Energ\u00e9tica<\/h2>\t\t<\/div>\n\t\t\t\t<\/div>\n\t\t\t\t<div class=\"elementor-element elementor-element-5b6a4f7 elementor-widget elementor-widget-text-editor\" data-id=\"5b6a4f7\" data-element_type=\"widget\" data-widget_type=\"text-editor.default\">\n\t\t\t\t<div class=\"elementor-widget-container\">\n\t\t\t\t\t<div class=\"elementor-text-editor elementor-clearfix\"><p>Existen oportunidades para el desarrollo de estudios con los miembros del grupo en el <a href=\"http:\/\/mhsee.ubiobio.cl\/\">Mag\u00edster en H\u00e1bitat Sustentable y Eficiencia Energ\u00e9tica<\/a> de la UBB con becas financiadas por la\u00a0<a style=\"background-color: #ffffff;\" href=\"https:\/\/www.anid.cl\/concursos\/\">Agencia Nacional de Investigaci\u00f3n y Desarrollo<\/a>\u00a0que est\u00e1n disponibles anualmente.<\/p><\/div>\n\t\t\t\t<\/div>\n\t\t\t\t<\/div>\n\t\t\t\t<div class=\"elementor-element elementor-element-c398bbd sciencex-heading-title-with-background default elementor-widget elementor-widget-sciencex-title\" data-id=\"c398bbd\" data-element_type=\"widget\" data-widget_type=\"sciencex-title.default\">\n\t\t\t\t<div class=\"elementor-widget-container\">\n\t\t\t\n\t\t<div class=\"sciencex-title-content-wrapper\">\n\t\t\t\t\t\t\t<h3 class=\"sciencex-heading-title\">Criterios <\/h3>\t\t\t\t\t\t\t\t<\/div>\n\n    \t\t<\/div>\n\t\t\t\t<\/div>\n\t\t\t\t<div class=\"elementor-element elementor-element-331587a elementor-widget elementor-widget-text-editor\" data-id=\"331587a\" data-element_type=\"widget\" data-widget_type=\"text-editor.default\">\n\t\t\t\t<div class=\"elementor-widget-container\">\n\t\t\t\t\t<div class=\"elementor-text-editor elementor-clearfix\"><p>Ser chileno\/a o extranjero\/a con residencia definitiva en Chile vigente<\/p><p>Poseer el grado acad\u00e9mico de Licenciado\/a o un T\u00edtulo Profesional cuyo nivel y contenido de estudios sean equivalentes a los necesarios para obtener el grado de Licenciado, otorgado por instituciones de educaci\u00f3n superior chilenas o extranjeras. No obstante lo anteriormente se\u00f1alado, podr\u00e1n postular quienes se encuentren en proceso de tr\u00e1mite de licenciatura y\/o titulaci\u00f3n profesional en una universidad chilena o extranjera al momento de la postulaci\u00f3n.<\/p><p>Haber obtenido un promedio de notas de licenciatura, t\u00edtulo profesional o equivalente igual o superior a 5.0, sobre un m\u00e1ximo de siete (7.0) o su equivalente en escala de nota 1 a 7; o bien encontrarse dentro del 30% superior del ranking de egreso de pregrado respecto de su generaci\u00f3n de egreso o titulaci\u00f3n.<\/p><p>Encontrarse en proceso de postulaci\u00f3n formal, admitido\/a o tener la calidad de alumno\/a regular en el MHSEE.<\/p><p><a href=\"https:\/\/www.conicyt.cl\/becasconicyt\/2019\/09\/12\/becas-de-magister-nacional-ano-academico-2020\/\">M\u00e1s informaci\u00f3n<\/a><\/p><\/div>\n\t\t\t\t<\/div>\n\t\t\t\t<\/div>\n\t\t\t\t<div class=\"elementor-element elementor-element-bc60db7 elementor-widget elementor-widget-heading\" data-id=\"bc60db7\" data-element_type=\"widget\" data-widget_type=\"heading.default\">\n\t\t\t\t<div class=\"elementor-widget-container\">\n\t\t\t<h2 class=\"elementor-heading-title elementor-size-default\">Doctorado en Arquitectura y Urbanismo<\/h2>\t\t<\/div>\n\t\t\t\t<\/div>\n\t\t\t\t<div class=\"elementor-element elementor-element-ff4c955 elementor-widget elementor-widget-text-editor\" data-id=\"ff4c955\" data-element_type=\"widget\" data-widget_type=\"text-editor.default\">\n\t\t\t\t<div class=\"elementor-widget-container\">\n\t\t\t\t\t<div class=\"elementor-text-editor elementor-clearfix\"><p>Existen oportunidades para el desarrollo de estudios con los miembros del grupo en el <a href=\"http:\/\/dau.ubiobio.cl\/\">Doctorado en Arquitectura y Urbanismo<\/a> de la UBB con becas financiadas por la <a href=\"https:\/\/www.anid.cl\/concursos\/concurso\/?id=236\">Agencia Nacional de Investigaci\u00f3n y Desarrollo<\/a> que est\u00e1n disponibles anualmente.<\/p><\/div>\n\t\t\t\t<\/div>\n\t\t\t\t<\/div>\n\t\t\t\t<div class=\"elementor-element elementor-element-949ea48 sciencex-heading-title-with-background default elementor-widget elementor-widget-sciencex-title\" data-id=\"949ea48\" data-element_type=\"widget\" data-widget_type=\"sciencex-title.default\">\n\t\t\t\t<div class=\"elementor-widget-container\">\n\t\t\t\n\t\t<div class=\"sciencex-title-content-wrapper\">\n\t\t\t\t\t\t\t<h3 class=\"sciencex-heading-title\">Criterios <\/h3>\t\t\t\t\t\t\t\t<\/div>\n\n    \t\t<\/div>\n\t\t\t\t<\/div>\n\t\t\t\t<div class=\"elementor-element elementor-element-378b633 elementor-widget elementor-widget-text-editor\" data-id=\"378b633\" data-element_type=\"widget\" data-widget_type=\"text-editor.default\">\n\t\t\t\t<div class=\"elementor-widget-container\">\n\t\t\t\t\t<div class=\"elementor-text-editor elementor-clearfix\"><p>Poseer el grado acad\u00e9mico de Licenciado\/a o T\u00edtulo Profesional o su equivalente1 en el caso de los estudios de pregrado realizados en el extranjero, otorgado por instituciones de educaci\u00f3n superior chilenas o extranjeras.<\/p><p>Haber obtenido un promedio de notas de licenciatura, t\u00edtulo profesional o equivalente igual o superior a 5.0, sobre un m\u00e1ximo de siete (7.0) o su equivalente en escala de nota 1 a 7; o bien encontrarse dentro del 30% superior del ranking de egreso de pregrado respecto de su generaci\u00f3n de egreso o titulaci\u00f3n.<\/p><p>Encontrarse en proceso de postulaci\u00f3n formal, admitido\/a o tener la calidad de alumno\/a regular en el Doctorado de Arquitectura de la UBB.<\/p><p><a href=\"https:\/\/www.anid.cl\/concursos\/concurso\/?id=236\">M\u00e1s informaci\u00f3n<\/a><\/p><\/div>\n\t\t\t\t<\/div>\n\t\t\t\t<\/div>\n\t\t\t\t<div class=\"elementor-element elementor-element-67e7c75 sciencex-heading-title-with-background default elementor-widget elementor-widget-sciencex-title\" data-id=\"67e7c75\" data-element_type=\"widget\" id=\"joind-feature-member\" data-widget_type=\"sciencex-title.default\">\n\t\t\t\t<div class=\"elementor-widget-container\">\n\t\t\t\n\t\t<div class=\"sciencex-title-content-wrapper\">\n\t\t\t\t\t\t\t<a href=\"Postdoctorado\"><h2 class=\"sciencex-heading-title\"><h2 style=\"margin-top: 35px; white-space: normal;\">Becas postdoctorales<\/h2> <\/h2><\/a>\n\t\t\t\t\t\t\t\t<\/div>\n\n    \t\t<\/div>\n\t\t\t\t<\/div>\n\t\t\t\t<div class=\"elementor-element elementor-element-1de7d56 elementor-widget elementor-widget-text-editor\" data-id=\"1de7d56\" data-element_type=\"widget\" data-widget_type=\"text-editor.default\">\n\t\t\t\t<div class=\"elementor-widget-container\">\n\t\t\t\t\t<div class=\"elementor-text-editor elementor-clearfix\"><p>Las oportunidades de postdoctorados con becas financiadas por el gobierno y la universidad est\u00e1n disponibles cada a\u00f1o, tanto para estudiantes nacionales como internacionales. Si tienes inter\u00e9s en desarrollar un postdoctorado en temas de confort ambiental o pobreza energ\u00e9tica ponte en contacto el grupo para recibir m\u00e1s informaci\u00f3n.\u00a0<\/p><\/div>\n\t\t\t\t<\/div>\n\t\t\t\t<\/div>\n\t\t\t\t<div class=\"elementor-element elementor-element-f7f6506 elementor-widget elementor-widget-text-editor\" data-id=\"f7f6506\" data-element_type=\"widget\" data-widget_type=\"text-editor.default\">\n\t\t\t\t<div class=\"elementor-widget-container\">\n\t\t\t\t\t<div class=\"elementor-text-editor elementor-clearfix\"><p><b>or definir.\u00a0<\/b><\/p><\/div>\n\t\t\t\t<\/div>\n\t\t\t\t<\/div>\n\t\t\t\t\t\t<\/div>\n\t\t\t<\/div>\n\t\t<\/div>\n\t\t\t\t<div class=\"elementor-element elementor-element-407e982c elementor-column elementor-col-50 elementor-top-column\" data-id=\"407e982c\" data-element_type=\"column\">\n\t\t\t<div class=\"elementor-column-wrap  elementor-element-populated\">\n\t\t\t\t\t<div class=\"elementor-widget-wrap\">\n\t\t\t\t<div class=\"elementor-element elementor-element-703972e3 sciencex-heading-title-with-background default elementor-widget elementor-widget-sciencex-title\" data-id=\"703972e3\" data-element_type=\"widget\" data-widget_type=\"sciencex-title.default\">\n\t\t\t\t<div class=\"elementor-widget-container\">\n\t\t\t\n\t\t<div class=\"sciencex-title-content-wrapper\">\n\t\t\t\t\t\t\t<h4 class=\"sciencex-heading-title\">Direcci\u00f3n <\/h4>\t\t\t\t\t\t\t\t<\/div>\n\n    \t\t<\/div>\n\t\t\t\t<\/div>\n\t\t\t\t<div class=\"elementor-element elementor-element-2803f799 elementor-widget elementor-widget-text-editor\" data-id=\"2803f799\" data-element_type=\"widget\" data-widget_type=\"text-editor.default\">\n\t\t\t\t<div class=\"elementor-widget-container\">\n\t\t\t\t\t<div class=\"elementor-text-editor elementor-clearfix\"><p>Facultad de Arquitectura, Construcci\u00f3n y Dise\u00f1o Avda. Collao 1202, Casilla 5-C, Concepci\u00f3n, Chile<\/p><\/div>\n\t\t\t\t<\/div>\n\t\t\t\t<\/div>\n\t\t\t\t<div class=\"elementor-element elementor-element-241fddb4 sciencex-heading-title-with-background default elementor-widget elementor-widget-sciencex-title\" data-id=\"241fddb4\" data-element_type=\"widget\" data-widget_type=\"sciencex-title.default\">\n\t\t\t\t<div class=\"elementor-widget-container\">\n\t\t\t\n\t\t<div class=\"sciencex-title-content-wrapper\">\n\t\t\t\t\t\t\t<h4 class=\"sciencex-heading-title\">Contacto <\/h4>\t\t\t\t\t\t\t\t<\/div>\n\n    \t\t<\/div>\n\t\t\t\t<\/div>\n\t\t\t\t<div class=\"elementor-element elementor-element-7fbb740d elementor-widget elementor-widget-text-editor\" data-id=\"7fbb740d\" data-element_type=\"widget\" data-widget_type=\"text-editor.default\">\n\t\t\t\t<div class=\"elementor-widget-container\">\n\t\t\t\t\t<div class=\"elementor-text-editor elementor-clearfix\"><p><strong>Tel\u00e9fono:<\/strong> +56 41 3111402<br \/><strong>Email:<\/strong> cope@ubiobio.cl\u00a0 \u00a0 \u00a0 \u00a0 \u00a0 \u00a0 \u00a0 \u00a0 \u00a0 \u00a0 \u00a0 \u00a0 \u00a0 \u00a0 \u00a0 \u00a0 \u00a0 \u00a0 \u00a0 \u00a0 \u00a0 \u00a0\u00a0 \u00a0 \u00a0 \u00a0 \u00a0 \u00a0 \u00a0 <strong>Instagram: <\/strong><a href=\"https:\/\/www.instagram.com\/cope_ubb\/?hl=es-la\">@cope_ubb<\/a><\/p><\/div>\n\t\t\t\t<\/div>\n\t\t\t\t<\/div>\n\t\t\t\t<div class=\"elementor-element elementor-element-5026349b elementor-widget elementor-widget-button\" data-id=\"5026349b\" data-element_type=\"widget\" data-widget_type=\"button.default\">\n\t\t\t\t<div class=\"elementor-widget-container\">\n\t\t\t\t\t<div class=\"elementor-button-wrapper\">\n\t\t\t<a href=\"mailto:cope@ubiobio.cl\u00a0\" class=\"elementor-button-link elementor-button elementor-size-sm\" role=\"button\">\n\t\t\t\t\t\t<span class=\"elementor-button-content-wrapper\">\n\t\t\t\t\t\t<span class=\"elementor-button-text\">Solicitar M\u00e1s info<\/span>\n\t\t<\/span>\n\t\t\t\t\t<\/a>\n\t\t<\/div>\n\t\t\t\t<\/div>\n\t\t\t\t<\/div>\n\t\t\t\t\t\t<\/div>\n\t\t\t<\/div>\n\t\t<\/div>\n\t\t\t\t\t\t<\/div>\n\t\t\t<\/div>\n\t\t<\/section>\n\t\t\t\t\t\t<\/div>\n\t\t\t<\/div>\n\t\t<\/div>\n\t\t","protected":false},"excerpt":{"rendered":"<p>Actualmente los miembros del grupo trabajan en varios proyectos relacionados con el confort ambiental y la pobreza energ\u00e9tica. Los investigadores posdoctorales, investigadores de postgrado (doctorado y magister), y estudiantes de pregrado tanto nacionales como internacionales son bienvenidos a unirse a nuestro grupo de forma permanente o mediante estancias de investigaci\u00f3n. Mag\u00edster en H\u00e1bitat Sustentable y [&hellip;]<\/p>\n","protected":false},"author":1,"featured_media":2660,"parent":0,"menu_order":0,"comment_status":"closed","ping_status":"closed","template":"","meta":{"footnotes":""},"class_list":["post-523","page","type-page","status-publish","has-post-thumbnail","hentry"],"jetpack_sharing_enabled":true,"_links":{"self":[{"href":"http:\/\/cope.ubiobio.cl\/index.php?rest_route=\/wp\/v2\/pages\/523","targetHints":{"allow":["GET"]}}],"collection":[{"href":"http:\/\/cope.ubiobio.cl\/index.php?rest_route=\/wp\/v2\/pages"}],"about":[{"href":"http:\/\/cope.ubiobio.cl\/index.php?rest_route=\/wp\/v2\/types\/page"}],"author":[{"embeddable":true,"href":"http:\/\/cope.ubiobio.cl\/index.php?rest_route=\/wp\/v2\/users\/1"}],"replies":[{"embeddable":true,"href":"http:\/\/cope.ubiobio.cl\/index.php?rest_route=%2Fwp%2Fv2%2Fcomments&post=523"}],"version-history":[{"count":19,"href":"http:\/\/cope.ubiobio.cl\/index.php?rest_route=\/wp\/v2\/pages\/523\/revisions"}],"predecessor-version":[{"id":3881,"href":"http:\/\/cope.ubiobio.cl\/index.php?rest_route=\/wp\/v2\/pages\/523\/revisions\/3881"}],"wp:featuredmedia":[{"embeddable":true,"href":"http:\/\/cope.ubiobio.cl\/index.php?rest_route=\/wp\/v2\/media\/2660"}],"wp:attachment":[{"href":"http:\/\/cope.ubiobio.cl\/index.php?rest_route=%2Fwp%2Fv2%2Fmedia&parent=523"}],"curies":[{"name":"wp","href":"https:\/\/api.w.org\/{rel}","templated":true}]}}